{"id":4915,"date":"2020-01-09T15:45:33","date_gmt":"2020-01-09T14:45:33","guid":{"rendered":"http:\/\/duetaapartment.cz\/souhlas-se-zpracovanim-osobnich-udaju\/"},"modified":"2023-04-05T12:22:32","modified_gmt":"2023-04-05T10:22:32","slug":"zustimmung-zur-verarbeitung-personenbezogener-daten","status":"publish","type":"page","link":"https:\/\/duetaapartment.cz\/de\/zustimmung-zur-verarbeitung-personenbezogener-daten\/","title":{"rendered":"Zustimmung zur Verarbeitung personenbezogener Daten"},"content":{"rendered":"<div class=\"wpb-content-wrapper\">[vc_row][vc_column][vc_column_text]1. Sie erteilen hiermit die Zustimmung der Delanta Apartment s. r. o., I\u010c 05019061, se s\u00eddlem V\u011bncova 221, Ple\u0161ivec, 381&nbsp;01 \u010cesk\u00fd Krumlov, T: +420608300480, @: unitedck(at)seznam.cz, eingetragen im \u00f6ffentlichen Register beim Bezirksgericht in \u010cesk\u00e9 Bud\u011bjovice , Abschnitt C, Akte 24813 (im Folgenden im Sinne der Verordnung (EU) Nr. 2016\/679 des Europ\u00e4ischen Parlaments und des Rates zum Schutz nat\u00fcrlicher Personen bei der Verarbeitung personenbezogener Daten und zum freien Datenverkehr und zur Aufhebung der Richtlinie 95\/46\/ES (Datenschutz-Grundverordnung) (die Na\u0159\u00edzen\u00ed-Verordnung \u201a) verarbeitete die folgenden personenbezogenen Daten:<\/p>\n<p>\u2022 Name und Nachname<br \/>\n\u2022 Name der Firma<br \/>\n\u2022 Email<br \/>\n\u2022 Telefonnummer<br \/>\n\u2022 Firmenname und Adresse<\/p>\n<p>2. Name, Vorname, Firmenname, Telefonnummer und E-Mail k\u00f6nnen auf Grundlage Ihrer Einwilligung verarbeitet werden und m\u00fcssen zur Bearbeitung Ihres Anliegens verarbeitet werden. Diese Daten werden vom Administrator f\u00fcr einen Zeitraum von 3 Jahren verarbeitet.<\/p>\n<p>3. Im Falle von Cookies: Der Administrator sammelt die folgenden Cookies auf seiner Website:[\/vc_column_text][\/vc_column][\/vc_row][vc_row][vc_column][vc_column_text]\n<table id=\"tablepress-2\" class=\"tablepress tablepress-id-2\">\n<thead>\n<tr class=\"row-1\">\n\t<th class=\"column-1\">Kategorie<\/th><th class=\"column-2\">N\u00e1zev<\/th><th class=\"column-3\">K \u010demu slou\u017e\u00ed<\/th><th class=\"column-4\">Po jak\u00e9 dob\u011b budou odstran\u011bny<\/th><th class=\"column-5\">Kdy funguj\u00ed<\/th>\n<\/tr>\n<\/thead>\n<tbody class=\"row-hover\">\n<tr class=\"row-2\">\n\t<td class=\"column-1\">Nezbytn\u00e9<\/td><td class=\"column-2\">cookieconsent_status<\/td><td class=\"column-3\">Ulo\u017een\u00ed souhlasu s<br \/>\nu\u017eit\u00edm cookies<\/td><td class=\"column-4\">1 rok<\/td><td class=\"column-5\">V\u017edy<\/td>\n<\/tr>\n<tr class=\"row-3\">\n\t<td class=\"column-1\">Nezbytn\u00e9<\/td><td class=\"column-2\">cookieconsent_status_tech<\/td><td class=\"column-3\">Ulo\u017een\u00ed souhlasu s<br \/>\nu\u017eit\u00edm cookies<\/td><td class=\"column-4\">1 rok<\/td><td class=\"column-5\">V\u017edy<\/td>\n<\/tr>\n<tr class=\"row-4\">\n\t<td class=\"column-1\">Nezbytn\u00e9<\/td><td class=\"column-2\">cookieconsent_status_marketing<\/td><td class=\"column-3\">Ulo\u017een\u00ed souhlasu s<br \/>\nu\u017eit\u00edm cookies<\/td><td class=\"column-4\">1 rok<\/td><td class=\"column-5\">V\u017edy<\/td>\n<\/tr>\n<tr class=\"row-5\">\n\t<td class=\"column-1\">Nezbytn\u00e9<\/td><td class=\"column-2\">cookieconsent_status_analytics<\/td><td class=\"column-3\">Ulo\u017een\u00ed souhlasu s<br \/>\nu\u017eit\u00edm cookies<\/td><td class=\"column-4\">1 rok<\/td><td class=\"column-5\">V\u017edy<\/td>\n<\/tr>\n<tr class=\"row-6\">\n\t<td class=\"column-1\">Nezbytn\u00e9<\/td><td class=\"column-2\">wp-wpml_current_language<\/td><td class=\"column-3\">Ulo\u017een\u00ed vybran\u00e9ho jazyka.<\/td><td class=\"column-4\">se zav\u0159en\u00edm prohl\u00ed\u017ee\u010de<\/td><td class=\"column-5\">V\u017edy<\/td>\n<\/tr>\n<tr class=\"row-7\">\n\t<td class=\"column-1\">Nezbytn\u00e9<\/td><td class=\"column-2\">_GRECAPTCHA<\/td><td class=\"column-3\">Google - Ochrana proti SPAMu<\/td><td class=\"column-4\">6 m\u011bs\u00edc\u016f<\/td><td class=\"column-5\">V\u017edy<\/td>\n<\/tr>\n<tr class=\"row-8\">\n\t<td class=\"column-1\">Analytick\u00e9<\/td><td class=\"column-2\">1P_JAR<\/td><td class=\"column-3\">Google \u2013 Tyto soubory cookie se pou\u017e\u00edvaj\u00ed ke shroma\u017e\u010fov\u00e1n\u00ed statistik str\u00e1nek a sledov\u00e1n\u00ed m\u00edry konverze.<\/td><td class=\"column-4\">1 m\u011bs\u00edc<\/td><td class=\"column-5\">Se souhlasem<\/td>\n<\/tr>\n<tr class=\"row-9\">\n\t<td class=\"column-1\">Reklamn\u00ed<\/td><td class=\"column-2\">ANID<\/td><td class=\"column-3\">Google \u2013 P\u0159esm\u011brov\u00e1n\u00ed a spr\u00e1vn\u00e9 zobrazov\u00e1n\u00ed reklam na webech, kter\u00e9 nepat\u0159\u00ed Googlu.<\/td><td class=\"column-4\">3 m\u011bs\u00edce<\/td><td class=\"column-5\">Se souhlasem<\/td>\n<\/tr>\n<tr class=\"row-10\">\n\t<td class=\"column-1\">Analytick\u00e9<\/td><td class=\"column-2\">CONSENT<\/td><td class=\"column-3\">Google \u2013 Soubor cookie pou\u017e\u00edvan\u00fd k identifikaci va\u0161\u00ed relace.<\/td><td class=\"column-4\">2 roky<\/td><td class=\"column-5\">Se souhlasem<\/td>\n<\/tr>\n<tr class=\"row-11\">\n\t<td class=\"column-1\">Reklamn\u00ed<\/td><td class=\"column-2\">DV<\/td><td class=\"column-3\">Tyto soubory cookie se pou\u017e\u00edvaj\u00ed pro \u00fa\u010dely c\u00edlen\u00e9 reklamy.<\/td><td class=\"column-4\">1 den<\/td><td class=\"column-5\">Se souhlasem<\/td>\n<\/tr>\n<tr class=\"row-12\">\n\t<td class=\"column-1\">Reklamn\u00ed<\/td><td class=\"column-2\">NID, SNID<\/td><td class=\"column-3\">Pou\u017e\u00edv\u00e1 se k zobrazov\u00e1n\u00ed reklam Google pro neregistrovan\u00e9 u\u017eivatele.<\/td><td class=\"column-4\">6 m\u011bs\u00edc\u016f<\/td><td class=\"column-5\">Se souhlasem<\/td>\n<\/tr>\n<tr class=\"row-13\">\n\t<td class=\"column-1\">Analytick\u00e9<\/td><td class=\"column-2\">_gat_gtag_UA_<\/td><td class=\"column-3\">Google Analytics, wubook.net \u2013 sledov\u00e1n\u00ed n\u00e1v\u0161t\u011bvnosti webu<\/td><td class=\"column-4\">1 minuta<\/td><td class=\"column-5\">Se souhlasem<\/td>\n<\/tr>\n<tr class=\"row-14\">\n\t<td class=\"column-1\">Analytick\u00e9<\/td><td class=\"column-2\">_gat_UA-<\/td><td class=\"column-3\">Google Analytics \u2013 sledov\u00e1n\u00ed n\u00e1v\u0161t\u011bvnosti webu<\/td><td class=\"column-4\">1 minuta<\/td><td class=\"column-5\">Se souhlasem<\/td>\n<\/tr>\n<tr class=\"row-15\">\n\t<td class=\"column-1\">Analytick\u00e9<\/td><td class=\"column-2\">_ga<\/td><td class=\"column-3\">Google Analytics, wubook.net - Tento soubor cookie registruje jedine\u010dn\u00e9 ID, kter\u00e9 se pou\u017e\u00edv\u00e1 ke generov\u00e1n\u00ed statistik o tom, jak n\u00e1v\u0161t\u011bvn\u00edci str\u00e1nky pou\u017e\u00edvaj\u00ed. Hlavn\u00edm \u00fa\u010delem tohoto souboru cookie je v\u00fdkon.<\/td><td class=\"column-4\">2 roky<\/td><td class=\"column-5\">Se souhlasem<\/td>\n<\/tr>\n<tr class=\"row-16\">\n\t<td class=\"column-1\">Analytick\u00e9<\/td><td class=\"column-2\">_gid<\/td><td class=\"column-3\">Google Analytics, wubook.net \u2013 sledov\u00e1n\u00ed n\u00e1v\u0161t\u011bvnosti webu<\/td><td class=\"column-4\">1 den<\/td><td class=\"column-5\">Se souhlasem<\/td>\n<\/tr>\n<tr class=\"row-17\">\n\t<td class=\"column-1\">Analytick\u00e9<\/td><td class=\"column-2\">_gali<\/td><td class=\"column-3\">Tyto soubory cookie se pou\u017e\u00edvaj\u00ed ke shroma\u017e\u010fov\u00e1n\u00ed informac\u00ed o tom, jak n\u00e1v\u0161t\u011bvn\u00edci pou\u017e\u00edvaj\u00ed na\u0161e webov\u00e9 str\u00e1nky. Tyto informace pou\u017e\u00edv\u00e1me k sestavov\u00e1n\u00ed zpr\u00e1v a pom\u00e1haj\u00ed n\u00e1m zlep\u0161ovat webov\u00e9 str\u00e1nky. Soubory cookie shroma\u017e\u010fuj\u00ed informace zp\u016fsobem, kter\u00fd nikoho p\u0159\u00edmo neidentifikuje, v\u010detn\u011b po\u010dtu n\u00e1v\u0161t\u011bvn\u00edk\u016f webu a blogu, odkud n\u00e1v\u0161t\u011bvn\u00edci na web p\u0159i\u0161li a jak\u00e9 str\u00e1nky nav\u0161t\u00edvili.<\/td><td class=\"column-4\">30 sekund<\/td><td class=\"column-5\">Se souhlasem<\/td>\n<\/tr>\n<tr class=\"row-18\">\n\t<td class=\"column-1\">Analytick\u00e9<\/td><td class=\"column-2\">wbocookies<\/td><td class=\"column-3\">Analytick\u00e9 cookies t\u0159et\u00ed strany - wubook.net<\/td><td class=\"column-4\">1 t\u00fdden<\/td><td class=\"column-5\">Se souhlasem<\/td>\n<\/tr>\n<\/tbody>\n<\/table>\n<!-- #tablepress-2 from cache -->[\/vc_column_text][\/vc_column][\/vc_row][vc_row][vc_column][vc_column_text]4. Sie stimmen der vorstehenden Verarbeitung ausdr\u00fccklich zu. Die Bereitstellung personenbezogener Daten ist freiwillig. Die Zustimmung kann jederzeit widerrufen werden, zum Beispiel durch Senden einer E-Mail oder eines Briefes an die Kontaktdaten von Delanta Apartment s. r. o., I\u010c 05019061, se s\u00eddlem V\u011bncova 221, Ple\u0161ivec, 381&nbsp;01 \u010cesk\u00fd Krumlov.<\/p>\n<p>5. Die Verarbeitung personenbezogener Daten erfolgt durch den Administrator, jedoch k\u00f6nnen die folgenden Auftragsverarbeiter auch personenbezogene Daten f\u00fcr den Administrator verarbeiten:<br \/>\nA. Andere Anbieter von Verarbeitungssoftware, Diensten und Anwendungen, die derzeit nicht vom Unternehmen genutzt werden.<\/p>\n<p>6. Bitte beachten Sie, dass Sie gem\u00e4\u00df der Verordnung das Recht haben:<br \/>\n\u2022 Einwilligung jederzeit widerrufen,<br \/>\n\u2022 von uns Auskunft \u00fcber Ihre personenbezogenen Daten anfordern, eine Kopie dieser Daten anfordern,<br \/>\n\u2022 den Zugriff auf diese Daten von uns anfordern und sie aktualisieren oder korrigieren lassen oder Verarbeitungsbeschr\u00e4nkungen anfordern,<br \/>\n\u2022 die L\u00f6schung dieser personenbezogenen Daten von uns verlangen,<br \/>\n\u2022 Daten\u00fcbertragbarkeit,<br \/>\n\u2022 eine Beschwerde beim Amt f\u00fcr den Schutz personenbezogener Daten einreichen oder vor Gericht gehen.[\/vc_column_text][\/vc_column][\/vc_row]\n<\/div>","protected":false},"excerpt":{"rendered":"<p>[vc_row][vc_column][vc_column_text]1. Sie erteilen hiermit die Zustimmung der Delanta Apartment s. r. o., I\u010c 05019061, se s\u00eddlem V\u011bncova 221, Ple\u0161ivec, 381&nbsp;01 \u010cesk\u00fd Krumlov, T: +420608300480, @: unitedck(at)seznam.cz, eingetragen im \u00f6ffentlichen Register beim Bezirksgericht in \u010cesk\u00e9 Bud\u011bjovice , Abschnitt C, Akte 24813 (im Folgenden im Sinne der Verordnung (EU) Nr. 2016\/679 des Europ\u00e4ischen Parlaments und des Rates&hellip;<\/p>\n","protected":false},"author":1,"featured_media":0,"parent":0,"menu_order":0,"comment_status":"closed","ping_status":"closed","template":"","meta":{"_monsterinsights_skip_tracking":false,"_monsterinsights_sitenote_active":false,"_monsterinsights_sitenote_note":"","_monsterinsights_sitenote_category":0,"footnotes":""},"class_list":["post-4915","page","type-page","status-publish","hentry","entry","no-media"],"yoast_head":"<!-- This site is optimized with the Yoast SEO plugin v23.8 - https:\/\/yoast.com\/wordpress\/plugins\/seo\/ -->\n<title>Zustimmung zur Verarbeitung personenbezogener Daten - Dueta Apartment<\/title>\n<meta name=\"robots\" content=\"index, follow, max-snippet:-1, max-image-preview:large, max-video-preview:-1\" \/>\n<link rel=\"canonical\" href=\"https:\/\/duetaapartment.cz\/de\/zustimmung-zur-verarbeitung-personenbezogener-daten\/\" \/>\n<meta property=\"og:locale\" content=\"de_DE\" \/>\n<meta property=\"og:type\" content=\"article\" \/>\n<meta property=\"og:title\" content=\"Zustimmung zur Verarbeitung personenbezogener Daten - Dueta Apartment\" \/>\n<meta property=\"og:description\" content=\"[vc_row][vc_column][vc_column_text]1. Sie erteilen hiermit die Zustimmung der Delanta Apartment s. r. o., I\u010c 05019061, se s\u00eddlem V\u011bncova 221, Ple\u0161ivec, 381&nbsp;01 \u010cesk\u00fd Krumlov, T: +420608300480, @: unitedck(at)seznam.cz, eingetragen im \u00f6ffentlichen Register beim Bezirksgericht in \u010cesk\u00e9 Bud\u011bjovice , Abschnitt C, Akte 24813 (im Folgenden im Sinne der Verordnung (EU) Nr. 2016\/679 des Europ\u00e4ischen Parlaments und des Rates&hellip;\" \/>\n<meta property=\"og:url\" content=\"https:\/\/duetaapartment.cz\/de\/zustimmung-zur-verarbeitung-personenbezogener-daten\/\" \/>\n<meta property=\"og:site_name\" content=\"Dueta Apartment\" \/>\n<meta property=\"article:publisher\" content=\"https:\/\/www.facebook.com\/Delantaapartment\/\" \/>\n<meta property=\"article:modified_time\" content=\"2023-04-05T10:22:32+00:00\" \/>\n<meta property=\"og:image\" content=\"https:\/\/duetaapartment.cz\/wp-content\/uploads\/2016\/12\/dueta-apartment-cesky-krumlov-zahrada-vyhled.jpg\" \/>\n\t<meta property=\"og:image:width\" content=\"1920\" \/>\n\t<meta property=\"og:image:height\" content=\"1282\" \/>\n\t<meta property=\"og:image:type\" content=\"image\/jpeg\" \/>\n<meta name=\"twitter:card\" content=\"summary_large_image\" \/>\n<meta name=\"twitter:label1\" content=\"Gesch\u00e4tzte Lesezeit\" \/>\n\t<meta name=\"twitter:data1\" content=\"2 Minuten\" \/>\n<script type=\"application\/ld+json\" class=\"yoast-schema-graph\">{\"@context\":\"https:\/\/schema.org\",\"@graph\":[{\"@type\":\"Article\",\"@id\":\"https:\/\/duetaapartment.cz\/de\/zustimmung-zur-verarbeitung-personenbezogener-daten\/#article\",\"isPartOf\":{\"@id\":\"https:\/\/duetaapartment.cz\/de\/zustimmung-zur-verarbeitung-personenbezogener-daten\/\"},\"author\":{\"name\":\"webmaster\",\"@id\":\"https:\/\/duetaapartment.cz\/de\/#\/schema\/person\/e69f4234541891a6e94b6313b581a262\"},\"headline\":\"Zustimmung zur Verarbeitung personenbezogener Daten\",\"datePublished\":\"2020-01-09T14:45:33+00:00\",\"dateModified\":\"2023-04-05T10:22:32+00:00\",\"mainEntityOfPage\":{\"@id\":\"https:\/\/duetaapartment.cz\/de\/zustimmung-zur-verarbeitung-personenbezogener-daten\/\"},\"wordCount\":348,\"publisher\":{\"@id\":\"https:\/\/duetaapartment.cz\/de\/#organization\"},\"inLanguage\":\"de-DE\"},{\"@type\":\"WebPage\",\"@id\":\"https:\/\/duetaapartment.cz\/de\/zustimmung-zur-verarbeitung-personenbezogener-daten\/\",\"url\":\"https:\/\/duetaapartment.cz\/de\/zustimmung-zur-verarbeitung-personenbezogener-daten\/\",\"name\":\"Zustimmung zur Verarbeitung personenbezogener Daten - Dueta Apartment\",\"isPartOf\":{\"@id\":\"https:\/\/duetaapartment.cz\/de\/#website\"},\"datePublished\":\"2020-01-09T14:45:33+00:00\",\"dateModified\":\"2023-04-05T10:22:32+00:00\",\"breadcrumb\":{\"@id\":\"https:\/\/duetaapartment.cz\/de\/zustimmung-zur-verarbeitung-personenbezogener-daten\/#breadcrumb\"},\"inLanguage\":\"de-DE\",\"potentialAction\":[{\"@type\":\"ReadAction\",\"target\":[\"https:\/\/duetaapartment.cz\/de\/zustimmung-zur-verarbeitung-personenbezogener-daten\/\"]}]},{\"@type\":\"BreadcrumbList\",\"@id\":\"https:\/\/duetaapartment.cz\/de\/zustimmung-zur-verarbeitung-personenbezogener-daten\/#breadcrumb\",\"itemListElement\":[{\"@type\":\"ListItem\",\"position\":1,\"name\":\"Dom\u016f\",\"item\":\"https:\/\/duetaapartment.cz\/de\/dueta-apartment\/\"},{\"@type\":\"ListItem\",\"position\":2,\"name\":\"Zustimmung zur Verarbeitung personenbezogener Daten\"}]},{\"@type\":\"WebSite\",\"@id\":\"https:\/\/duetaapartment.cz\/de\/#website\",\"url\":\"https:\/\/duetaapartment.cz\/de\/\",\"name\":\"Dueta Apartment\",\"description\":\"pohodln\u00e9 ubytov\u00e1n\u00ed s vlastn\u00edm parkovi\u0161t\u011bm nedaleko centra \u010cesk\u00e9ho Krumlova\",\"publisher\":{\"@id\":\"https:\/\/duetaapartment.cz\/de\/#organization\"},\"alternateName\":\"Apartm\u00e1n Dueta\",\"potentialAction\":[{\"@type\":\"SearchAction\",\"target\":{\"@type\":\"EntryPoint\",\"urlTemplate\":\"https:\/\/duetaapartment.cz\/de\/?s={search_term_string}\"},\"query-input\":{\"@type\":\"PropertyValueSpecification\",\"valueRequired\":true,\"valueName\":\"search_term_string\"}}],\"inLanguage\":\"de-DE\"},{\"@type\":\"Organization\",\"@id\":\"https:\/\/duetaapartment.cz\/de\/#organization\",\"name\":\"Delanta Apartment\",\"alternateName\":\"Dueta Apartment\",\"url\":\"https:\/\/duetaapartment.cz\/de\/\",\"logo\":{\"@type\":\"ImageObject\",\"inLanguage\":\"de-DE\",\"@id\":\"https:\/\/duetaapartment.cz\/de\/#\/schema\/logo\/image\/\",\"url\":\"https:\/\/duetaapartment.cz\/wp-content\/uploads\/2023\/06\/favicon-dueta_152.png\",\"contentUrl\":\"https:\/\/duetaapartment.cz\/wp-content\/uploads\/2023\/06\/favicon-dueta_152.png\",\"width\":152,\"height\":152,\"caption\":\"Delanta Apartment\"},\"image\":{\"@id\":\"https:\/\/duetaapartment.cz\/de\/#\/schema\/logo\/image\/\"},\"sameAs\":[\"https:\/\/www.facebook.com\/Delantaapartment\/\",\"https:\/\/www.tripadvisor.com\/Hotel_Review-g274688-d9565911-Reviews-Delanta_Apartment-Cesky_Krumlov_South_Bohemian_Region_Bohemia.html\"]},{\"@type\":\"Person\",\"@id\":\"https:\/\/duetaapartment.cz\/de\/#\/schema\/person\/e69f4234541891a6e94b6313b581a262\",\"name\":\"webmaster\",\"image\":{\"@type\":\"ImageObject\",\"inLanguage\":\"de-DE\",\"@id\":\"https:\/\/duetaapartment.cz\/de\/#\/schema\/person\/image\/\",\"url\":\"https:\/\/secure.gravatar.com\/avatar\/5ef2b89f2d859b52f4205f6a4ef36d21?s=96&d=mm&r=g\",\"contentUrl\":\"https:\/\/secure.gravatar.com\/avatar\/5ef2b89f2d859b52f4205f6a4ef36d21?s=96&d=mm&r=g\",\"caption\":\"webmaster\"}}]}<\/script>\n<!-- \/ Yoast SEO plugin. -->","yoast_head_json":{"title":"Zustimmung zur Verarbeitung personenbezogener Daten - Dueta Apartment","robots":{"index":"index","follow":"follow","max-snippet":"max-snippet:-1","max-image-preview":"max-image-preview:large","max-video-preview":"max-video-preview:-1"},"canonical":"https:\/\/duetaapartment.cz\/de\/zustimmung-zur-verarbeitung-personenbezogener-daten\/","og_locale":"de_DE","og_type":"article","og_title":"Zustimmung zur Verarbeitung personenbezogener Daten - Dueta Apartment","og_description":"[vc_row][vc_column][vc_column_text]1. Sie erteilen hiermit die Zustimmung der Delanta Apartment s. r. o., I\u010c 05019061, se s\u00eddlem V\u011bncova 221, Ple\u0161ivec, 381&nbsp;01 \u010cesk\u00fd Krumlov, T: +420608300480, @: unitedck(at)seznam.cz, eingetragen im \u00f6ffentlichen Register beim Bezirksgericht in \u010cesk\u00e9 Bud\u011bjovice , Abschnitt C, Akte 24813 (im Folgenden im Sinne der Verordnung (EU) Nr. 2016\/679 des Europ\u00e4ischen Parlaments und des Rates&hellip;","og_url":"https:\/\/duetaapartment.cz\/de\/zustimmung-zur-verarbeitung-personenbezogener-daten\/","og_site_name":"Dueta Apartment","article_publisher":"https:\/\/www.facebook.com\/Delantaapartment\/","article_modified_time":"2023-04-05T10:22:32+00:00","og_image":[{"width":1920,"height":1282,"url":"https:\/\/duetaapartment.cz\/wp-content\/uploads\/2016\/12\/dueta-apartment-cesky-krumlov-zahrada-vyhled.jpg","type":"image\/jpeg"}],"twitter_card":"summary_large_image","twitter_misc":{"Gesch\u00e4tzte Lesezeit":"2 Minuten"},"schema":{"@context":"https:\/\/schema.org","@graph":[{"@type":"Article","@id":"https:\/\/duetaapartment.cz\/de\/zustimmung-zur-verarbeitung-personenbezogener-daten\/#article","isPartOf":{"@id":"https:\/\/duetaapartment.cz\/de\/zustimmung-zur-verarbeitung-personenbezogener-daten\/"},"author":{"name":"webmaster","@id":"https:\/\/duetaapartment.cz\/de\/#\/schema\/person\/e69f4234541891a6e94b6313b581a262"},"headline":"Zustimmung zur Verarbeitung personenbezogener Daten","datePublished":"2020-01-09T14:45:33+00:00","dateModified":"2023-04-05T10:22:32+00:00","mainEntityOfPage":{"@id":"https:\/\/duetaapartment.cz\/de\/zustimmung-zur-verarbeitung-personenbezogener-daten\/"},"wordCount":348,"publisher":{"@id":"https:\/\/duetaapartment.cz\/de\/#organization"},"inLanguage":"de-DE"},{"@type":"WebPage","@id":"https:\/\/duetaapartment.cz\/de\/zustimmung-zur-verarbeitung-personenbezogener-daten\/","url":"https:\/\/duetaapartment.cz\/de\/zustimmung-zur-verarbeitung-personenbezogener-daten\/","name":"Zustimmung zur Verarbeitung personenbezogener Daten - Dueta Apartment","isPartOf":{"@id":"https:\/\/duetaapartment.cz\/de\/#website"},"datePublished":"2020-01-09T14:45:33+00:00","dateModified":"2023-04-05T10:22:32+00:00","breadcrumb":{"@id":"https:\/\/duetaapartment.cz\/de\/zustimmung-zur-verarbeitung-personenbezogener-daten\/#breadcrumb"},"inLanguage":"de-DE","potentialAction":[{"@type":"ReadAction","target":["https:\/\/duetaapartment.cz\/de\/zustimmung-zur-verarbeitung-personenbezogener-daten\/"]}]},{"@type":"BreadcrumbList","@id":"https:\/\/duetaapartment.cz\/de\/zustimmung-zur-verarbeitung-personenbezogener-daten\/#breadcrumb","itemListElement":[{"@type":"ListItem","position":1,"name":"Dom\u016f","item":"https:\/\/duetaapartment.cz\/de\/dueta-apartment\/"},{"@type":"ListItem","position":2,"name":"Zustimmung zur Verarbeitung personenbezogener Daten"}]},{"@type":"WebSite","@id":"https:\/\/duetaapartment.cz\/de\/#website","url":"https:\/\/duetaapartment.cz\/de\/","name":"Dueta Apartment","description":"pohodln\u00e9 ubytov\u00e1n\u00ed s vlastn\u00edm parkovi\u0161t\u011bm nedaleko centra \u010cesk\u00e9ho Krumlova","publisher":{"@id":"https:\/\/duetaapartment.cz\/de\/#organization"},"alternateName":"Apartm\u00e1n Dueta","potentialAction":[{"@type":"SearchAction","target":{"@type":"EntryPoint","urlTemplate":"https:\/\/duetaapartment.cz\/de\/?s={search_term_string}"},"query-input":{"@type":"PropertyValueSpecification","valueRequired":true,"valueName":"search_term_string"}}],"inLanguage":"de-DE"},{"@type":"Organization","@id":"https:\/\/duetaapartment.cz\/de\/#organization","name":"Delanta Apartment","alternateName":"Dueta Apartment","url":"https:\/\/duetaapartment.cz\/de\/","logo":{"@type":"ImageObject","inLanguage":"de-DE","@id":"https:\/\/duetaapartment.cz\/de\/#\/schema\/logo\/image\/","url":"https:\/\/duetaapartment.cz\/wp-content\/uploads\/2023\/06\/favicon-dueta_152.png","contentUrl":"https:\/\/duetaapartment.cz\/wp-content\/uploads\/2023\/06\/favicon-dueta_152.png","width":152,"height":152,"caption":"Delanta Apartment"},"image":{"@id":"https:\/\/duetaapartment.cz\/de\/#\/schema\/logo\/image\/"},"sameAs":["https:\/\/www.facebook.com\/Delantaapartment\/","https:\/\/www.tripadvisor.com\/Hotel_Review-g274688-d9565911-Reviews-Delanta_Apartment-Cesky_Krumlov_South_Bohemian_Region_Bohemia.html"]},{"@type":"Person","@id":"https:\/\/duetaapartment.cz\/de\/#\/schema\/person\/e69f4234541891a6e94b6313b581a262","name":"webmaster","image":{"@type":"ImageObject","inLanguage":"de-DE","@id":"https:\/\/duetaapartment.cz\/de\/#\/schema\/person\/image\/","url":"https:\/\/secure.gravatar.com\/avatar\/5ef2b89f2d859b52f4205f6a4ef36d21?s=96&d=mm&r=g","contentUrl":"https:\/\/secure.gravatar.com\/avatar\/5ef2b89f2d859b52f4205f6a4ef36d21?s=96&d=mm&r=g","caption":"webmaster"}}]}},"_links":{"self":[{"href":"https:\/\/duetaapartment.cz\/de\/wp-json\/wp\/v2\/pages\/4915"}],"collection":[{"href":"https:\/\/duetaapartment.cz\/de\/wp-json\/wp\/v2\/pages"}],"about":[{"href":"https:\/\/duetaapartment.cz\/de\/wp-json\/wp\/v2\/types\/page"}],"author":[{"embeddable":true,"href":"https:\/\/duetaapartment.cz\/de\/wp-json\/wp\/v2\/users\/1"}],"replies":[{"embeddable":true,"href":"https:\/\/duetaapartment.cz\/de\/wp-json\/wp\/v2\/comments?post=4915"}],"version-history":[{"count":0,"href":"https:\/\/duetaapartment.cz\/de\/wp-json\/wp\/v2\/pages\/4915\/revisions"}],"wp:attachment":[{"href":"https:\/\/duetaapartment.cz\/de\/wp-json\/wp\/v2\/media?parent=4915"}],"curies":[{"name":"wp","href":"https:\/\/api.w.org\/{rel}","templated":true}]}}