{"id":5495,"date":"2016-12-23T19:39:22","date_gmt":"2016-12-23T18:39:22","guid":{"rendered":"https:\/\/duetaapartment.cz\/lokalita\/"},"modified":"2023-06-25T16:44:57","modified_gmt":"2023-06-25T14:44:57","slug":"lokalitat","status":"publish","type":"page","link":"https:\/\/duetaapartment.cz\/de\/lokalitat\/","title":{"rendered":"Die Lokalit\u00e4t"},"content":{"rendered":"<div class=\"wpb-content-wrapper\">[vc_row][vc_column]<div class=\"vcex-module vcex-portfolio-grid-wrap wpex-clr\"><div class=\"wpex-row vcex-portfolio-grid wpex-clr entries\"><div class=\"portfolio-entry vcex-grid-item entry-has-details span_1_of_2 col col-1  post-5481 entry type-portfolio has-media cat-47 translation_priority-28\"><div class=\"portfolio-entry-inner entry-inner wpex-first-mt-0 wpex-last-mb-0 wpex-clr\"><div class=\"portfolio-entry-media entry-media\"><a href=\"https:\/\/duetaapartment.cz\/de\/angebot\/fluss-vltava\/\" title=\"Fluss Moldau\" class=\"portfolio-entry-media-link\"><img width=\"1920\" height=\"1280\" src=\"https:\/\/duetaapartment.cz\/wp-content\/uploads\/2016\/12\/dueta-apartment-cesky-krumlov-03.jpg\" class=\"portfolio-entry-img wpex-align-middle\" alt=\"\" loading=\"lazy\" decoding=\"async\" \/><\/a><\/div><div class=\"portfolio-entry-details entry-details wpex-boxed wpex-first-mt-0 wpex-last-mb-0 wpex-clr\"><h2 class=\"portfolio-entry-title entry-title wpex-mb-5\"><a href=\"https:\/\/duetaapartment.cz\/de\/angebot\/fluss-vltava\/\" title=\"Fluss Moldau\">Fluss Moldau<\/a><\/h2><div class=\"portfolio-entry-excerpt entry-excerpt wpex-my-15 wpex-last-mb-0 wpex-clr\">Die Moldau ist der l\u00e4ngste und bei Bootsfahrern beliebteste Wasserlauf in der Tschechischen Republik. Anscheinend ist der Abschnitt der Moldau zwischen Vy\u0161\u0161\u00ed Brod und Bor\u0161ov nad Vltava nicht nur in der Tschechischen Republik, sondern wahrscheinlich auch der meistbesuchte Abschnitt f\u00fcr Bootsfahrer in Europa.\n<\/div><div class=\"portfolio-entry-readmore-wrap entry-readmore-wrap wpex-my-15 wpex-clr\"><a href=\"https:\/\/duetaapartment.cz\/de\/angebot\/fluss-vltava\/\" class=\"theme-button\" aria-label=\"Mehr Lesen about Fluss Moldau\">Mehr Lesen<\/a><\/div><\/div><\/div><\/div><div class=\"portfolio-entry vcex-grid-item entry-has-details span_1_of_2 col col-2  post-5484 entry type-portfolio has-media cat-47 translation_priority-28\"><div class=\"portfolio-entry-inner entry-inner wpex-first-mt-0 wpex-last-mb-0 wpex-clr\"><div class=\"portfolio-entry-media entry-media\"><a href=\"https:\/\/duetaapartment.cz\/de\/angebot\/stausee-lipno\/\" title=\"Stausee Lipno\" class=\"portfolio-entry-media-link\"><img width=\"1920\" height=\"1280\" src=\"https:\/\/duetaapartment.cz\/wp-content\/uploads\/2016\/12\/dueta-apartment-lipno-nadrz-01.jpg\" class=\"portfolio-entry-img wpex-align-middle\" alt=\"\" loading=\"lazy\" decoding=\"async\" \/><\/a><\/div><div class=\"portfolio-entry-details entry-details wpex-boxed wpex-first-mt-0 wpex-last-mb-0 wpex-clr\"><h2 class=\"portfolio-entry-title entry-title wpex-mb-5\"><a href=\"https:\/\/duetaapartment.cz\/de\/angebot\/stausee-lipno\/\" title=\"Stausee Lipno\">Stausee Lipno<\/a><\/h2><div class=\"portfolio-entry-excerpt entry-excerpt wpex-my-15 wpex-last-mb-0 wpex-clr\">Der Lipno-Stausee oder das S\u00fcdb\u00f6hmische Meer ist das gr\u00f6\u00dfte Gew\u00e4sser in der Tschechischen Republik. Im Sommer k\u00f6nnen Sie Sportfischen, Wassersport, Segeln oder Faulenzen am Wasser genie\u00dfen, im Winter gibt es im Dorf Lipno nad Vltavou eine Eislaufbahn, Skifahren oder einen Aquapark. <\/div><div class=\"portfolio-entry-readmore-wrap entry-readmore-wrap wpex-my-15 wpex-clr\"><a href=\"https:\/\/duetaapartment.cz\/de\/angebot\/stausee-lipno\/\" class=\"theme-button\" aria-label=\"Mehr Lesen about Stausee Lipno\">Mehr Lesen<\/a><\/div><\/div><\/div><\/div><\/div><\/div>[\/vc_column][\/vc_row][vc_section][vc_row][vc_column]<div id=\"modal-trg-txt-wrap-3333\" class=\"ult-modal-input-wrapper ult-adjust-bottom-margin    \" data-keypress-control=\"keypress-control-enable\" data-overlay-control=\"overlay-control-enable\"><span data-class-id=\"content-69f9b3a5ecf575-40916073\"><\/span>\n\t\t\t\t<script type=\"text\/javascript\">\n\t\t\t\t(function($){\n\t\t\t\t\t$(document).ready(function(){\n\t\t\t\t\t\tvar selector = \".zobrazit-rezervace\";\n\t\t\t\t\t\t$(selector).addClass(\"custom-ult-modal overlay-show\");\n\t\t\t\t\t\t$(selector).attr(\"data-class-id\", \"content-69f9b3a5ecf575-40916073\");\n\t\t\t\t\t\t$(selector).attr(\"data-overlay-class\", \"overlay-slideup\");\n\t\t\t\t\t\t$(selector).attr(\"data-keypress-control\", \"keypress-control-enable\");\n\t\t\t\t\t\t$(selector).attr(\"data-overlay-control\", \"overlay-control-enable\");\n\t\t\t\t\t});\n\t\t\t\t})(jQuery);\n\t\t\t\t<\/script><\/div>\n<div class=\"ult-overlay content-69f9b3a5ecf575-40916073 rezervace-modaldel\" data-class=\"content-69f9b3a5ecf575-40916073\" id=\"button-click-overlay\" style=\"background:rgba(51,51,51,0.8); display:none;\">\n\t<div class=\"ult_modal ult-fade ult-block\">\n\t\t<div id=\"ult-modal-wrap-3002\" class=\"ult_modal-content ult-hide\" style=\"border-style:solid;border-width:2px;border-radius:0px;border-color:#333333;\">\n\t\t\t<div class=\"ult_modal-header\" style=\"color:#333333;border-color:#333333;\">\n\t\t\t\t<h3  data-ultimate-target='#ult-modal-wrap-3002 .ult_modal-title'  data-responsive-json-new='{\"font-size\":\"\",\"line-height\":\"\"}'  class=\"ult_modal-title ult-responsive\">Reservieren Sie Ihr Zimmer<\/h3>\n\t\t\t<\/div>\n\t\t\t<div  data-ultimate-target='#ult-modal-wrap-3002 .ult_modal-body'  data-responsive-json-new='{\"font-size\":\"\",\"line-height\":\"\"}'  class=\"ult_modal-body ult-responsive ult-html\" style=\"\">\n\t\t\t<iframe style=\"width: 100%; max-width: 1280px; min-height: 550px; border: 0; margin: auto; display: block;\" src=\"https:\/\/wubook.net\/wbkd\/wbk\/?lcode=1518428729&amp;onlyrooms=280780,280783,306307,306308,306309,306310\"><\/iframe>\n\t\t\t<\/div>\n\t<\/div>\n\t<\/div>\n\t<div class=\"ult-overlay-close top-right\" style=\"width:80px;height:80px; \"><div class=\"ult-overlay-close-inside\">Close<\/div><\/div>\n<\/div>[\/vc_column][\/vc_row][\/vc_section]\n<\/div>","protected":false},"excerpt":{"rendered":"<p>[vc_row][vc_column][\/vc_column][\/vc_row][vc_section][vc_row][vc_column][\/vc_column][\/vc_row][\/vc_section]<\/p>\n","protected":false},"author":1,"featured_media":153,"parent":0,"menu_order":0,"comment_status":"closed","ping_status":"closed","template":"","meta":{"_monsterinsights_skip_tracking":false,"_monsterinsights_sitenote_active":false,"_monsterinsights_sitenote_note":"","_monsterinsights_sitenote_category":0,"footnotes":""},"class_list":["post-5495","page","type-page","status-publish","has-post-thumbnail","hentry","entry","has-media"],"yoast_head":"<!-- This site is optimized with the Yoast SEO plugin v23.8 - https:\/\/yoast.com\/wordpress\/plugins\/seo\/ -->\n<title>Die Lokalit\u00e4t - Dueta Apartment<\/title>\n<meta name=\"description\" content=\"S\u00fcdb\u00f6hmen ist nicht nur f\u00fcr Touristen aus der Tschechischen Republik ein beliebtes Reiseziel. \u010cesk\u00fd Krumlov, Lipno, Zlat\u00e1 Koruna oder die Moldau ziehen jedes Jahr Tausende von Touristen an.\" \/>\n<meta name=\"robots\" content=\"index, follow, max-snippet:-1, max-image-preview:large, max-video-preview:-1\" \/>\n<link rel=\"canonical\" href=\"https:\/\/duetaapartment.cz\/de\/lokalitat\/\" \/>\n<meta property=\"og:locale\" content=\"de_DE\" \/>\n<meta property=\"og:type\" content=\"article\" \/>\n<meta property=\"og:title\" content=\"Die Lokalit\u00e4t - Dueta Apartment\" \/>\n<meta property=\"og:description\" content=\"S\u00fcdb\u00f6hmen ist nicht nur f\u00fcr Touristen aus der Tschechischen Republik ein beliebtes Reiseziel. \u010cesk\u00fd Krumlov, Lipno, Zlat\u00e1 Koruna oder die Moldau ziehen jedes Jahr Tausende von Touristen an.\" \/>\n<meta property=\"og:url\" content=\"https:\/\/duetaapartment.cz\/de\/lokalitat\/\" \/>\n<meta property=\"og:site_name\" content=\"Dueta Apartment\" \/>\n<meta property=\"article:publisher\" content=\"https:\/\/www.facebook.com\/Delantaapartment\/\" \/>\n<meta property=\"article:modified_time\" content=\"2023-06-25T14:44:57+00:00\" \/>\n<meta property=\"og:image\" content=\"https:\/\/duetaapartment.cz\/wp-content\/uploads\/2023\/06\/dueta-apartment-cesky-krumlov-thumb.jpg\" \/>\n\t<meta property=\"og:image:width\" content=\"2000\" \/>\n\t<meta property=\"og:image:height\" content=\"1200\" \/>\n\t<meta property=\"og:image:type\" content=\"image\/jpeg\" \/>\n<meta name=\"twitter:card\" content=\"summary_large_image\" \/>\n<meta name=\"twitter:description\" content=\"S\u00fcdb\u00f6hmen ist nicht nur f\u00fcr Touristen aus der Tschechischen Republik ein beliebtes Reiseziel. \u010cesk\u00fd Krumlov, Lipno, Zlat\u00e1 Koruna oder die Moldau ziehen jedes Jahr Tausende von Touristen an.\" \/>\n<meta name=\"twitter:image\" content=\"https:\/\/duetaapartment.cz\/wp-content\/uploads\/2023\/06\/dueta-apartment-cesky-krumlov-thumb.jpg\" \/>\n<meta name=\"twitter:label1\" content=\"Gesch\u00e4tzte Lesezeit\" \/>\n\t<meta name=\"twitter:data1\" content=\"1 Minute\" \/>\n<script type=\"application\/ld+json\" class=\"yoast-schema-graph\">{\"@context\":\"https:\/\/schema.org\",\"@graph\":[{\"@type\":\"Article\",\"@id\":\"https:\/\/duetaapartment.cz\/de\/lokalitat\/#article\",\"isPartOf\":{\"@id\":\"https:\/\/duetaapartment.cz\/de\/lokalitat\/\"},\"author\":{\"name\":\"webmaster\",\"@id\":\"https:\/\/duetaapartment.cz\/de\/#\/schema\/person\/e69f4234541891a6e94b6313b581a262\"},\"headline\":\"Die Lokalit\u00e4t\",\"datePublished\":\"2016-12-23T18:39:22+00:00\",\"dateModified\":\"2023-06-25T14:44:57+00:00\",\"mainEntityOfPage\":{\"@id\":\"https:\/\/duetaapartment.cz\/de\/lokalitat\/\"},\"wordCount\":66,\"publisher\":{\"@id\":\"https:\/\/duetaapartment.cz\/de\/#organization\"},\"image\":{\"@id\":\"https:\/\/duetaapartment.cz\/de\/lokalitat\/#primaryimage\"},\"thumbnailUrl\":\"https:\/\/duetaapartment.cz\/wp-content\/uploads\/2016\/12\/dueta-apartment-cesky-krumlov-vyhled-mesto.jpg\",\"inLanguage\":\"de-DE\"},{\"@type\":\"WebPage\",\"@id\":\"https:\/\/duetaapartment.cz\/de\/lokalitat\/\",\"url\":\"https:\/\/duetaapartment.cz\/de\/lokalitat\/\",\"name\":\"Die Lokalit\u00e4t - Dueta Apartment\",\"isPartOf\":{\"@id\":\"https:\/\/duetaapartment.cz\/de\/#website\"},\"primaryImageOfPage\":{\"@id\":\"https:\/\/duetaapartment.cz\/de\/lokalitat\/#primaryimage\"},\"image\":{\"@id\":\"https:\/\/duetaapartment.cz\/de\/lokalitat\/#primaryimage\"},\"thumbnailUrl\":\"https:\/\/duetaapartment.cz\/wp-content\/uploads\/2016\/12\/dueta-apartment-cesky-krumlov-vyhled-mesto.jpg\",\"datePublished\":\"2016-12-23T18:39:22+00:00\",\"dateModified\":\"2023-06-25T14:44:57+00:00\",\"description\":\"S\u00fcdb\u00f6hmen ist nicht nur f\u00fcr Touristen aus der Tschechischen Republik ein beliebtes Reiseziel. \u010cesk\u00fd Krumlov, Lipno, Zlat\u00e1 Koruna oder die Moldau ziehen jedes Jahr Tausende von Touristen an.\",\"breadcrumb\":{\"@id\":\"https:\/\/duetaapartment.cz\/de\/lokalitat\/#breadcrumb\"},\"inLanguage\":\"de-DE\",\"potentialAction\":[{\"@type\":\"ReadAction\",\"target\":[\"https:\/\/duetaapartment.cz\/de\/lokalitat\/\"]}]},{\"@type\":\"ImageObject\",\"inLanguage\":\"de-DE\",\"@id\":\"https:\/\/duetaapartment.cz\/de\/lokalitat\/#primaryimage\",\"url\":\"https:\/\/duetaapartment.cz\/wp-content\/uploads\/2016\/12\/dueta-apartment-cesky-krumlov-vyhled-mesto.jpg\",\"contentUrl\":\"https:\/\/duetaapartment.cz\/wp-content\/uploads\/2016\/12\/dueta-apartment-cesky-krumlov-vyhled-mesto.jpg\",\"width\":1920,\"height\":1282},{\"@type\":\"BreadcrumbList\",\"@id\":\"https:\/\/duetaapartment.cz\/de\/lokalitat\/#breadcrumb\",\"itemListElement\":[{\"@type\":\"ListItem\",\"position\":1,\"name\":\"Dom\u016f\",\"item\":\"https:\/\/duetaapartment.cz\/de\/dueta-apartment\/\"},{\"@type\":\"ListItem\",\"position\":2,\"name\":\"Die Lokalit\u00e4t\"}]},{\"@type\":\"WebSite\",\"@id\":\"https:\/\/duetaapartment.cz\/de\/#website\",\"url\":\"https:\/\/duetaapartment.cz\/de\/\",\"name\":\"Dueta Apartment\",\"description\":\"pohodln\u00e9 ubytov\u00e1n\u00ed s vlastn\u00edm parkovi\u0161t\u011bm nedaleko centra \u010cesk\u00e9ho Krumlova\",\"publisher\":{\"@id\":\"https:\/\/duetaapartment.cz\/de\/#organization\"},\"alternateName\":\"Apartm\u00e1n Dueta\",\"potentialAction\":[{\"@type\":\"SearchAction\",\"target\":{\"@type\":\"EntryPoint\",\"urlTemplate\":\"https:\/\/duetaapartment.cz\/de\/?s={search_term_string}\"},\"query-input\":{\"@type\":\"PropertyValueSpecification\",\"valueRequired\":true,\"valueName\":\"search_term_string\"}}],\"inLanguage\":\"de-DE\"},{\"@type\":\"Organization\",\"@id\":\"https:\/\/duetaapartment.cz\/de\/#organization\",\"name\":\"Delanta Apartment\",\"alternateName\":\"Dueta Apartment\",\"url\":\"https:\/\/duetaapartment.cz\/de\/\",\"logo\":{\"@type\":\"ImageObject\",\"inLanguage\":\"de-DE\",\"@id\":\"https:\/\/duetaapartment.cz\/de\/#\/schema\/logo\/image\/\",\"url\":\"https:\/\/duetaapartment.cz\/wp-content\/uploads\/2023\/06\/favicon-dueta_152.png\",\"contentUrl\":\"https:\/\/duetaapartment.cz\/wp-content\/uploads\/2023\/06\/favicon-dueta_152.png\",\"width\":152,\"height\":152,\"caption\":\"Delanta Apartment\"},\"image\":{\"@id\":\"https:\/\/duetaapartment.cz\/de\/#\/schema\/logo\/image\/\"},\"sameAs\":[\"https:\/\/www.facebook.com\/Delantaapartment\/\",\"https:\/\/www.tripadvisor.com\/Hotel_Review-g274688-d9565911-Reviews-Delanta_Apartment-Cesky_Krumlov_South_Bohemian_Region_Bohemia.html\"]},{\"@type\":\"Person\",\"@id\":\"https:\/\/duetaapartment.cz\/de\/#\/schema\/person\/e69f4234541891a6e94b6313b581a262\",\"name\":\"webmaster\",\"image\":{\"@type\":\"ImageObject\",\"inLanguage\":\"de-DE\",\"@id\":\"https:\/\/duetaapartment.cz\/de\/#\/schema\/person\/image\/\",\"url\":\"https:\/\/secure.gravatar.com\/avatar\/5ef2b89f2d859b52f4205f6a4ef36d21?s=96&d=mm&r=g\",\"contentUrl\":\"https:\/\/secure.gravatar.com\/avatar\/5ef2b89f2d859b52f4205f6a4ef36d21?s=96&d=mm&r=g\",\"caption\":\"webmaster\"}}]}<\/script>\n<!-- \/ Yoast SEO plugin. -->","yoast_head_json":{"title":"Die Lokalit\u00e4t - Dueta Apartment","description":"S\u00fcdb\u00f6hmen ist nicht nur f\u00fcr Touristen aus der Tschechischen Republik ein beliebtes Reiseziel. \u010cesk\u00fd Krumlov, Lipno, Zlat\u00e1 Koruna oder die Moldau ziehen jedes Jahr Tausende von Touristen an.","robots":{"index":"index","follow":"follow","max-snippet":"max-snippet:-1","max-image-preview":"max-image-preview:large","max-video-preview":"max-video-preview:-1"},"canonical":"https:\/\/duetaapartment.cz\/de\/lokalitat\/","og_locale":"de_DE","og_type":"article","og_title":"Die Lokalit\u00e4t - Dueta Apartment","og_description":"S\u00fcdb\u00f6hmen ist nicht nur f\u00fcr Touristen aus der Tschechischen Republik ein beliebtes Reiseziel. \u010cesk\u00fd Krumlov, Lipno, Zlat\u00e1 Koruna oder die Moldau ziehen jedes Jahr Tausende von Touristen an.","og_url":"https:\/\/duetaapartment.cz\/de\/lokalitat\/","og_site_name":"Dueta Apartment","article_publisher":"https:\/\/www.facebook.com\/Delantaapartment\/","article_modified_time":"2023-06-25T14:44:57+00:00","og_image":[{"width":2000,"height":1200,"url":"https:\/\/duetaapartment.cz\/wp-content\/uploads\/2023\/06\/dueta-apartment-cesky-krumlov-thumb.jpg","type":"image\/jpeg"}],"twitter_card":"summary_large_image","twitter_description":"S\u00fcdb\u00f6hmen ist nicht nur f\u00fcr Touristen aus der Tschechischen Republik ein beliebtes Reiseziel. \u010cesk\u00fd Krumlov, Lipno, Zlat\u00e1 Koruna oder die Moldau ziehen jedes Jahr Tausende von Touristen an.","twitter_image":"https:\/\/duetaapartment.cz\/wp-content\/uploads\/2023\/06\/dueta-apartment-cesky-krumlov-thumb.jpg","twitter_misc":{"Gesch\u00e4tzte Lesezeit":"1 Minute"},"schema":{"@context":"https:\/\/schema.org","@graph":[{"@type":"Article","@id":"https:\/\/duetaapartment.cz\/de\/lokalitat\/#article","isPartOf":{"@id":"https:\/\/duetaapartment.cz\/de\/lokalitat\/"},"author":{"name":"webmaster","@id":"https:\/\/duetaapartment.cz\/de\/#\/schema\/person\/e69f4234541891a6e94b6313b581a262"},"headline":"Die Lokalit\u00e4t","datePublished":"2016-12-23T18:39:22+00:00","dateModified":"2023-06-25T14:44:57+00:00","mainEntityOfPage":{"@id":"https:\/\/duetaapartment.cz\/de\/lokalitat\/"},"wordCount":66,"publisher":{"@id":"https:\/\/duetaapartment.cz\/de\/#organization"},"image":{"@id":"https:\/\/duetaapartment.cz\/de\/lokalitat\/#primaryimage"},"thumbnailUrl":"https:\/\/duetaapartment.cz\/wp-content\/uploads\/2016\/12\/dueta-apartment-cesky-krumlov-vyhled-mesto.jpg","inLanguage":"de-DE"},{"@type":"WebPage","@id":"https:\/\/duetaapartment.cz\/de\/lokalitat\/","url":"https:\/\/duetaapartment.cz\/de\/lokalitat\/","name":"Die Lokalit\u00e4t - Dueta Apartment","isPartOf":{"@id":"https:\/\/duetaapartment.cz\/de\/#website"},"primaryImageOfPage":{"@id":"https:\/\/duetaapartment.cz\/de\/lokalitat\/#primaryimage"},"image":{"@id":"https:\/\/duetaapartment.cz\/de\/lokalitat\/#primaryimage"},"thumbnailUrl":"https:\/\/duetaapartment.cz\/wp-content\/uploads\/2016\/12\/dueta-apartment-cesky-krumlov-vyhled-mesto.jpg","datePublished":"2016-12-23T18:39:22+00:00","dateModified":"2023-06-25T14:44:57+00:00","description":"S\u00fcdb\u00f6hmen ist nicht nur f\u00fcr Touristen aus der Tschechischen Republik ein beliebtes Reiseziel. \u010cesk\u00fd Krumlov, Lipno, Zlat\u00e1 Koruna oder die Moldau ziehen jedes Jahr Tausende von Touristen an.","breadcrumb":{"@id":"https:\/\/duetaapartment.cz\/de\/lokalitat\/#breadcrumb"},"inLanguage":"de-DE","potentialAction":[{"@type":"ReadAction","target":["https:\/\/duetaapartment.cz\/de\/lokalitat\/"]}]},{"@type":"ImageObject","inLanguage":"de-DE","@id":"https:\/\/duetaapartment.cz\/de\/lokalitat\/#primaryimage","url":"https:\/\/duetaapartment.cz\/wp-content\/uploads\/2016\/12\/dueta-apartment-cesky-krumlov-vyhled-mesto.jpg","contentUrl":"https:\/\/duetaapartment.cz\/wp-content\/uploads\/2016\/12\/dueta-apartment-cesky-krumlov-vyhled-mesto.jpg","width":1920,"height":1282},{"@type":"BreadcrumbList","@id":"https:\/\/duetaapartment.cz\/de\/lokalitat\/#breadcrumb","itemListElement":[{"@type":"ListItem","position":1,"name":"Dom\u016f","item":"https:\/\/duetaapartment.cz\/de\/dueta-apartment\/"},{"@type":"ListItem","position":2,"name":"Die Lokalit\u00e4t"}]},{"@type":"WebSite","@id":"https:\/\/duetaapartment.cz\/de\/#website","url":"https:\/\/duetaapartment.cz\/de\/","name":"Dueta Apartment","description":"pohodln\u00e9 ubytov\u00e1n\u00ed s vlastn\u00edm parkovi\u0161t\u011bm nedaleko centra \u010cesk\u00e9ho Krumlova","publisher":{"@id":"https:\/\/duetaapartment.cz\/de\/#organization"},"alternateName":"Apartm\u00e1n Dueta","potentialAction":[{"@type":"SearchAction","target":{"@type":"EntryPoint","urlTemplate":"https:\/\/duetaapartment.cz\/de\/?s={search_term_string}"},"query-input":{"@type":"PropertyValueSpecification","valueRequired":true,"valueName":"search_term_string"}}],"inLanguage":"de-DE"},{"@type":"Organization","@id":"https:\/\/duetaapartment.cz\/de\/#organization","name":"Delanta Apartment","alternateName":"Dueta Apartment","url":"https:\/\/duetaapartment.cz\/de\/","logo":{"@type":"ImageObject","inLanguage":"de-DE","@id":"https:\/\/duetaapartment.cz\/de\/#\/schema\/logo\/image\/","url":"https:\/\/duetaapartment.cz\/wp-content\/uploads\/2023\/06\/favicon-dueta_152.png","contentUrl":"https:\/\/duetaapartment.cz\/wp-content\/uploads\/2023\/06\/favicon-dueta_152.png","width":152,"height":152,"caption":"Delanta Apartment"},"image":{"@id":"https:\/\/duetaapartment.cz\/de\/#\/schema\/logo\/image\/"},"sameAs":["https:\/\/www.facebook.com\/Delantaapartment\/","https:\/\/www.tripadvisor.com\/Hotel_Review-g274688-d9565911-Reviews-Delanta_Apartment-Cesky_Krumlov_South_Bohemian_Region_Bohemia.html"]},{"@type":"Person","@id":"https:\/\/duetaapartment.cz\/de\/#\/schema\/person\/e69f4234541891a6e94b6313b581a262","name":"webmaster","image":{"@type":"ImageObject","inLanguage":"de-DE","@id":"https:\/\/duetaapartment.cz\/de\/#\/schema\/person\/image\/","url":"https:\/\/secure.gravatar.com\/avatar\/5ef2b89f2d859b52f4205f6a4ef36d21?s=96&d=mm&r=g","contentUrl":"https:\/\/secure.gravatar.com\/avatar\/5ef2b89f2d859b52f4205f6a4ef36d21?s=96&d=mm&r=g","caption":"webmaster"}}]}},"_links":{"self":[{"href":"https:\/\/duetaapartment.cz\/de\/wp-json\/wp\/v2\/pages\/5495"}],"collection":[{"href":"https:\/\/duetaapartment.cz\/de\/wp-json\/wp\/v2\/pages"}],"about":[{"href":"https:\/\/duetaapartment.cz\/de\/wp-json\/wp\/v2\/types\/page"}],"author":[{"embeddable":true,"href":"https:\/\/duetaapartment.cz\/de\/wp-json\/wp\/v2\/users\/1"}],"replies":[{"embeddable":true,"href":"https:\/\/duetaapartment.cz\/de\/wp-json\/wp\/v2\/comments?post=5495"}],"version-history":[{"count":0,"href":"https:\/\/duetaapartment.cz\/de\/wp-json\/wp\/v2\/pages\/5495\/revisions"}],"wp:featuredmedia":[{"embeddable":true,"href":"https:\/\/duetaapartment.cz\/de\/wp-json\/wp\/v2\/media\/153"}],"wp:attachment":[{"href":"https:\/\/duetaapartment.cz\/de\/wp-json\/wp\/v2\/media?parent=5495"}],"curies":[{"name":"wp","href":"https:\/\/api.w.org\/{rel}","templated":true}]}}