{"id":732,"date":"2016-12-22T20:32:43","date_gmt":"2016-12-22T19:32:43","guid":{"rendered":"http:\/\/duetaapartment.cz\/kontaktujte-nas\/"},"modified":"2023-06-25T08:24:55","modified_gmt":"2023-06-25T06:24:55","slug":"kontaktieren-sie-uns","status":"publish","type":"page","link":"https:\/\/duetaapartment.cz\/de\/kontaktieren-sie-uns\/","title":{"rendered":"Kontaktieren Sie Uns"},"content":{"rendered":"<div class=\"wpb-content-wrapper\">[vc_row full_width=&#8221;stretch_row_content_no_spaces&#8221;][vc_column][vc_gmaps link=&#8221;#E-8_JTNDaWZyYW1lJTIwc3JjJTNEJTIyaHR0cHMlM0ElMkYlMkZ3d3cuZ29vZ2xlLmNvbSUyRm1hcHMlMkZlbWJlZCUzRnBiJTNEJTIxMW0xOCUyMTFtMTIlMjExbTMlMjExZDI2MjcuODMwODIxOTMzNTA2NyUyMTJkMTQuMzA4MTg4MzE2MjgxNTM5JTIxM2Q0OC44MDQyMDc0MTI0NzMyMyUyMTJtMyUyMTFmMCUyMTJmMCUyMTNmMCUyMTNtMiUyMTFpMTAyNCUyMTJpNzY4JTIxNGYxMy4xJTIxM20zJTIxMW0yJTIxMXMweDQ3NzM1ZDgyMTQwODFkODclMjUzQTB4Y2JhMTk3MDJiODk3OGUwNiUyMTJ6VnNTYmJtTnZkbUVnTWpJeExDQlFiR1hGb1dsMlpXTXNJRE00TVNBd01TREVqR1Z6YThPOUlFdHlkVzFzYjNZJTIxNWUwJTIxM20yJTIxMXNjcyUyMTJzY3olMjE0djE0ODI1MTU5MTQwMTIlMjIlMjB3aWR0aCUzRCUyMjI1NjAlMjIlMjBoZWlnaHQlM0QlMjI0MDAlMjIlMjBmcmFtZWJvcmRlciUzRCUyMjAlMjIlMjBzdHlsZSUzRCUyMmJvcmRlciUzQTAlMjIlMjBhbGxvd2Z1bGxzY3JlZW4lM0QlMjIlMjIlM0UlM0MlMkZpZnJhbWUlM0U=&#8221;][\/vc_column][\/vc_row][vc_row][vc_column width=&#8221;1\/4&#8243;][vc_column_text]Dueta Apartment bietet eine komfortable Unterkunft f\u00fcr 20 Personen in vier separaten Wohnungen. Delanta Apartment befindet sich in der N\u00e4he vom Stadtzentrum von \u010cesk\u00fd Krumlov. F\u00fcr gr\u00f6\u00dfere Gruppen (F\u00fchrungen, Firmenveranstaltungen) bieten wir auch Unterkunft in unserem Partnerhotel Delanta im Nachbargeb\u00e4ude wo auch die Wellnesscenter Services zu nutzen sind. Danke f\u00fcr dein Interesse. Bitte f\u00fcllen Sie das folgende Formular aus und senden Sie uns Ihre Frage oder Ihren Kommentar. Wir werden Ihnen so schnell wie m\u00f6glich antworten. Kurtaxe in die Stadt \u010cesk\u00fd Krumlov 50 CZK\/Erwachsener\/Nacht[\/vc_column_text][vc_column_text css=&#8221;.vc_custom_1650436531053{margin-top: 30px !important;}&#8221;]<a href=\"tel:+420608300480\">608300480<\/a>[\/vc_column_text][vc_column_text css=&#8221;.vc_custom_1685696022240{margin-top: 30px !important;}&#8221;]apartment(at)duetaapartment.cz[\/vc_column_text][vc_column_text css=&#8221;.vc_custom_1650436561667{margin-top: 30px !important;}&#8221;]V\u011bncova 221, \u010cesk\u00fd Krumlov \u010cesk\u00fd Krumlov, Region S\u00fcdb\u00f6hmen 381&nbsp;01 Tschechische Republik[\/vc_column_text][vc_column_text css=&#8221;.vc_custom_1495386038005{margin-top: 30px !important;}&#8221;]<strong>Webseitenbetreiber:<\/strong><br \/>\nSubjekt Name:<br \/>\n<strong>Delanta Apartment s. r. o. <\/strong><br \/>\nID-Nummer:05019061 Dateinummer: C 24813 beim Bezirksgericht in \u010cesk\u00e9 Bud\u011bjovice gef\u00fchrt Anmeldedatum: 22. April 2016 Sitz: V\u011bncova 221, Ple\u0161ivec, 381&nbsp;01 \u010cesk\u00fd Krumlov[\/vc_column_text][\/vc_column][vc_column width=&#8221;3\/4&#8243;][vc_raw_html]W2Zvcm1pZGFibGUgaWQ9IjIiXQ==[\/vc_raw_html][\/vc_column][\/vc_row][vc_section][vc_row][vc_column]<div id=\"modal-trg-txt-wrap-5486\" class=\"ult-modal-input-wrapper ult-adjust-bottom-margin    \" data-keypress-control=\"keypress-control-enable\" data-overlay-control=\"overlay-control-enable\"><span data-class-id=\"content-6a07dd3ad3ed44-13000442\"><\/span>\n\t\t\t\t<script type=\"text\/javascript\">\n\t\t\t\t(function($){\n\t\t\t\t\t$(document).ready(function(){\n\t\t\t\t\t\tvar selector = \".zobrazit-rezervace\";\n\t\t\t\t\t\t$(selector).addClass(\"custom-ult-modal overlay-show\");\n\t\t\t\t\t\t$(selector).attr(\"data-class-id\", \"content-6a07dd3ad3ed44-13000442\");\n\t\t\t\t\t\t$(selector).attr(\"data-overlay-class\", \"overlay-slideup\");\n\t\t\t\t\t\t$(selector).attr(\"data-keypress-control\", \"keypress-control-enable\");\n\t\t\t\t\t\t$(selector).attr(\"data-overlay-control\", \"overlay-control-enable\");\n\t\t\t\t\t});\n\t\t\t\t})(jQuery);\n\t\t\t\t<\/script><\/div>\n<div class=\"ult-overlay content-6a07dd3ad3ed44-13000442 rezervace-modaldel\" data-class=\"content-6a07dd3ad3ed44-13000442\" id=\"button-click-overlay\" style=\"background:rgba(51,51,51,0.8); display:none;\">\n\t<div class=\"ult_modal ult-fade ult-block\">\n\t\t<div id=\"ult-modal-wrap-9482\" class=\"ult_modal-content ult-hide\" style=\"border-style:solid;border-width:2px;border-radius:0px;border-color:#333333;\">\n\t\t\t<div class=\"ult_modal-header\" style=\"color:#333333;border-color:#333333;\">\n\t\t\t\t<h3  data-ultimate-target='#ult-modal-wrap-9482 .ult_modal-title'  data-responsive-json-new='{\"font-size\":\"\",\"line-height\":\"\"}'  class=\"ult_modal-title ult-responsive\">Reservieren Sie Ihr Zimmer<\/h3>\n\t\t\t<\/div>\n\t\t\t<div  data-ultimate-target='#ult-modal-wrap-9482 .ult_modal-body'  data-responsive-json-new='{\"font-size\":\"\",\"line-height\":\"\"}'  class=\"ult_modal-body ult-responsive ult-html\" style=\"\">\n\t\t\t<iframe style=\"width: 100%; max-width: 1280px; min-height: 550px; border: 0; margin: auto; display: block;\" src=\"https:\/\/wubook.net\/wbkd\/wbk\/?lcode=1518428729&amp;onlyrooms=280780,280783,306307,306308,306309,306310\"><\/iframe>\n\t\t\t<\/div>\n\t<\/div>\n\t<\/div>\n\t<div class=\"ult-overlay-close top-right\" style=\"width:80px;height:80px; \"><div class=\"ult-overlay-close-inside\">Close<\/div><\/div>\n<\/div>[\/vc_column][\/vc_row][\/vc_section]\n<\/div>","protected":false},"excerpt":{"rendered":"<p>[vc_row full_width=&#8221;stretch_row_content_no_spaces&#8221;][vc_column][vc_gmaps link=&#8221;#E-8_JTNDaWZyYW1lJTIwc3JjJTNEJTIyaHR0cHMlM0ElMkYlMkZ3d3cuZ29vZ2xlLmNvbSUyRm1hcHMlMkZlbWJlZCUzRnBiJTNEJTIxMW0xOCUyMTFtMTIlMjExbTMlMjExZDI2MjcuODMwODIxOTMzNTA2NyUyMTJkMTQuMzA4MTg4MzE2MjgxNTM5JTIxM2Q0OC44MDQyMDc0MTI0NzMyMyUyMTJtMyUyMTFmMCUyMTJmMCUyMTNmMCUyMTNtMiUyMTFpMTAyNCUyMTJpNzY4JTIxNGYxMy4xJTIxM20zJTIxMW0yJTIxMXMweDQ3NzM1ZDgyMTQwODFkODclMjUzQTB4Y2JhMTk3MDJiODk3OGUwNiUyMTJ6VnNTYmJtTnZkbUVnTWpJeExDQlFiR1hGb1dsMlpXTXNJRE00TVNBd01TREVqR1Z6YThPOUlFdHlkVzFzYjNZJTIxNWUwJTIxM20yJTIxMXNjcyUyMTJzY3olMjE0djE0ODI1MTU5MTQwMTIlMjIlMjB3aWR0aCUzRCUyMjI1NjAlMjIlMjBoZWlnaHQlM0QlMjI0MDAlMjIlMjBmcmFtZWJvcmRlciUzRCUyMjAlMjIlMjBzdHlsZSUzRCUyMmJvcmRlciUzQTAlMjIlMjBhbGxvd2Z1bGxzY3JlZW4lM0QlMjIlMjIlM0UlM0MlMkZpZnJhbWUlM0U=&#8221;][\/vc_column][\/vc_row][vc_row][vc_column width=&#8221;1\/4&#8243;][vc_column_text]Dueta Apartment bietet eine komfortable Unterkunft f\u00fcr 20 Personen in vier separaten Wohnungen. Delanta Apartment befindet sich in der N\u00e4he vom Stadtzentrum von \u010cesk\u00fd Krumlov. F\u00fcr gr\u00f6\u00dfere Gruppen (F\u00fchrungen, Firmenveranstaltungen) bieten wir auch Unterkunft in unserem Partnerhotel Delanta im Nachbargeb\u00e4ude wo auch die Wellnesscenter Services zu nutzen sind. Danke f\u00fcr dein Interesse.&hellip;<\/p>\n","protected":false},"author":1,"featured_media":157,"parent":0,"menu_order":0,"comment_status":"closed","ping_status":"closed","template":"","meta":{"_monsterinsights_skip_tracking":false,"_monsterinsights_sitenote_active":false,"_monsterinsights_sitenote_note":"","_monsterinsights_sitenote_category":0,"footnotes":""},"class_list":["post-732","page","type-page","status-publish","has-post-thumbnail","hentry","entry","has-media"],"yoast_head":"<!-- This site is optimized with the Yoast SEO plugin v23.8 - https:\/\/yoast.com\/wordpress\/plugins\/seo\/ -->\n<title>Kontaktieren Sie Uns - Dueta Apartment<\/title>\n<meta name=\"description\" content=\"Dueta Apartment bietet eine komfortable Unterkunft f\u00fcr 20 Personen in vier separaten Wohnungen. Kontaktieren Sie Uns. Wir werden Ihnen so schnell wie m\u00f6glich antworten.\" \/>\n<meta name=\"robots\" content=\"index, follow, max-snippet:-1, max-image-preview:large, max-video-preview:-1\" \/>\n<link rel=\"canonical\" href=\"https:\/\/duetaapartment.cz\/de\/kontaktieren-sie-uns\/\" \/>\n<meta property=\"og:locale\" content=\"de_DE\" \/>\n<meta property=\"og:type\" content=\"article\" \/>\n<meta property=\"og:title\" content=\"Kontaktieren Sie Uns - Dueta Apartment\" \/>\n<meta property=\"og:description\" content=\"Dueta Apartment bietet eine komfortable Unterkunft f\u00fcr 20 Personen in vier separaten Wohnungen. Kontaktieren Sie Uns. Wir werden Ihnen so schnell wie m\u00f6glich antworten.\" \/>\n<meta property=\"og:url\" content=\"https:\/\/duetaapartment.cz\/de\/kontaktieren-sie-uns\/\" \/>\n<meta property=\"og:site_name\" content=\"Dueta Apartment\" \/>\n<meta property=\"article:publisher\" content=\"https:\/\/www.facebook.com\/Delantaapartment\/\" \/>\n<meta property=\"article:modified_time\" content=\"2023-06-25T06:24:55+00:00\" \/>\n<meta property=\"og:image\" content=\"https:\/\/duetaapartment.cz\/wp-content\/uploads\/2016\/12\/dueta-apartment-cesky-krumlov-vstup-e1637833404437.jpg\" \/>\n\t<meta property=\"og:image:width\" content=\"1648\" \/>\n\t<meta property=\"og:image:height\" content=\"1100\" \/>\n\t<meta property=\"og:image:type\" content=\"image\/jpeg\" \/>\n<meta name=\"twitter:card\" content=\"summary_large_image\" \/>\n<meta name=\"twitter:description\" content=\"Dueta Apartment bietet eine komfortable Unterkunft f\u00fcr 20 Personen in vier separaten Wohnungen. Kontaktieren Sie Uns. Wir werden Ihnen so schnell wie m\u00f6glich antworten.\" \/>\n<meta name=\"twitter:label1\" content=\"Gesch\u00e4tzte Lesezeit\" \/>\n\t<meta name=\"twitter:data1\" content=\"2 Minuten\" \/>\n<script type=\"application\/ld+json\" class=\"yoast-schema-graph\">{\"@context\":\"https:\/\/schema.org\",\"@graph\":[{\"@type\":\"Article\",\"@id\":\"https:\/\/duetaapartment.cz\/de\/kontaktieren-sie-uns\/#article\",\"isPartOf\":{\"@id\":\"https:\/\/duetaapartment.cz\/de\/kontaktieren-sie-uns\/\"},\"author\":{\"name\":\"webmaster\",\"@id\":\"https:\/\/duetaapartment.cz\/de\/#\/schema\/person\/e69f4234541891a6e94b6313b581a262\"},\"headline\":\"Kontaktieren Sie Uns\",\"datePublished\":\"2016-12-22T19:32:43+00:00\",\"dateModified\":\"2023-06-25T06:24:55+00:00\",\"mainEntityOfPage\":{\"@id\":\"https:\/\/duetaapartment.cz\/de\/kontaktieren-sie-uns\/\"},\"wordCount\":342,\"publisher\":{\"@id\":\"https:\/\/duetaapartment.cz\/de\/#organization\"},\"image\":{\"@id\":\"https:\/\/duetaapartment.cz\/de\/kontaktieren-sie-uns\/#primaryimage\"},\"thumbnailUrl\":\"https:\/\/duetaapartment.cz\/wp-content\/uploads\/2016\/12\/dueta-apartment-cesky-krumlov-vstup-e1637833404437.jpg\",\"inLanguage\":\"de-DE\"},{\"@type\":\"WebPage\",\"@id\":\"https:\/\/duetaapartment.cz\/de\/kontaktieren-sie-uns\/\",\"url\":\"https:\/\/duetaapartment.cz\/de\/kontaktieren-sie-uns\/\",\"name\":\"Kontaktieren Sie Uns - Dueta Apartment\",\"isPartOf\":{\"@id\":\"https:\/\/duetaapartment.cz\/de\/#website\"},\"primaryImageOfPage\":{\"@id\":\"https:\/\/duetaapartment.cz\/de\/kontaktieren-sie-uns\/#primaryimage\"},\"image\":{\"@id\":\"https:\/\/duetaapartment.cz\/de\/kontaktieren-sie-uns\/#primaryimage\"},\"thumbnailUrl\":\"https:\/\/duetaapartment.cz\/wp-content\/uploads\/2016\/12\/dueta-apartment-cesky-krumlov-vstup-e1637833404437.jpg\",\"datePublished\":\"2016-12-22T19:32:43+00:00\",\"dateModified\":\"2023-06-25T06:24:55+00:00\",\"description\":\"Dueta Apartment bietet eine komfortable Unterkunft f\u00fcr 20 Personen in vier separaten Wohnungen. Kontaktieren Sie Uns. Wir werden Ihnen so schnell wie m\u00f6glich antworten.\",\"breadcrumb\":{\"@id\":\"https:\/\/duetaapartment.cz\/de\/kontaktieren-sie-uns\/#breadcrumb\"},\"inLanguage\":\"de-DE\",\"potentialAction\":[{\"@type\":\"ReadAction\",\"target\":[\"https:\/\/duetaapartment.cz\/de\/kontaktieren-sie-uns\/\"]}]},{\"@type\":\"ImageObject\",\"inLanguage\":\"de-DE\",\"@id\":\"https:\/\/duetaapartment.cz\/de\/kontaktieren-sie-uns\/#primaryimage\",\"url\":\"https:\/\/duetaapartment.cz\/wp-content\/uploads\/2016\/12\/dueta-apartment-cesky-krumlov-vstup-e1637833404437.jpg\",\"contentUrl\":\"https:\/\/duetaapartment.cz\/wp-content\/uploads\/2016\/12\/dueta-apartment-cesky-krumlov-vstup-e1637833404437.jpg\",\"width\":1648,\"height\":1100},{\"@type\":\"BreadcrumbList\",\"@id\":\"https:\/\/duetaapartment.cz\/de\/kontaktieren-sie-uns\/#breadcrumb\",\"itemListElement\":[{\"@type\":\"ListItem\",\"position\":1,\"name\":\"Dom\u016f\",\"item\":\"https:\/\/duetaapartment.cz\/de\/dueta-apartment\/\"},{\"@type\":\"ListItem\",\"position\":2,\"name\":\"Kontaktieren Sie Uns\"}]},{\"@type\":\"WebSite\",\"@id\":\"https:\/\/duetaapartment.cz\/de\/#website\",\"url\":\"https:\/\/duetaapartment.cz\/de\/\",\"name\":\"Dueta Apartment\",\"description\":\"pohodln\u00e9 ubytov\u00e1n\u00ed s vlastn\u00edm parkovi\u0161t\u011bm nedaleko centra \u010cesk\u00e9ho Krumlova\",\"publisher\":{\"@id\":\"https:\/\/duetaapartment.cz\/de\/#organization\"},\"alternateName\":\"Apartm\u00e1n Dueta\",\"potentialAction\":[{\"@type\":\"SearchAction\",\"target\":{\"@type\":\"EntryPoint\",\"urlTemplate\":\"https:\/\/duetaapartment.cz\/de\/?s={search_term_string}\"},\"query-input\":{\"@type\":\"PropertyValueSpecification\",\"valueRequired\":true,\"valueName\":\"search_term_string\"}}],\"inLanguage\":\"de-DE\"},{\"@type\":\"Organization\",\"@id\":\"https:\/\/duetaapartment.cz\/de\/#organization\",\"name\":\"Delanta Apartment\",\"alternateName\":\"Dueta Apartment\",\"url\":\"https:\/\/duetaapartment.cz\/de\/\",\"logo\":{\"@type\":\"ImageObject\",\"inLanguage\":\"de-DE\",\"@id\":\"https:\/\/duetaapartment.cz\/de\/#\/schema\/logo\/image\/\",\"url\":\"https:\/\/duetaapartment.cz\/wp-content\/uploads\/2023\/06\/favicon-dueta_152.png\",\"contentUrl\":\"https:\/\/duetaapartment.cz\/wp-content\/uploads\/2023\/06\/favicon-dueta_152.png\",\"width\":152,\"height\":152,\"caption\":\"Delanta Apartment\"},\"image\":{\"@id\":\"https:\/\/duetaapartment.cz\/de\/#\/schema\/logo\/image\/\"},\"sameAs\":[\"https:\/\/www.facebook.com\/Delantaapartment\/\",\"https:\/\/www.tripadvisor.com\/Hotel_Review-g274688-d9565911-Reviews-Delanta_Apartment-Cesky_Krumlov_South_Bohemian_Region_Bohemia.html\"]},{\"@type\":\"Person\",\"@id\":\"https:\/\/duetaapartment.cz\/de\/#\/schema\/person\/e69f4234541891a6e94b6313b581a262\",\"name\":\"webmaster\",\"image\":{\"@type\":\"ImageObject\",\"inLanguage\":\"de-DE\",\"@id\":\"https:\/\/duetaapartment.cz\/de\/#\/schema\/person\/image\/\",\"url\":\"https:\/\/secure.gravatar.com\/avatar\/5ef2b89f2d859b52f4205f6a4ef36d21?s=96&d=mm&r=g\",\"contentUrl\":\"https:\/\/secure.gravatar.com\/avatar\/5ef2b89f2d859b52f4205f6a4ef36d21?s=96&d=mm&r=g\",\"caption\":\"webmaster\"}}]}<\/script>\n<!-- \/ Yoast SEO plugin. -->","yoast_head_json":{"title":"Kontaktieren Sie Uns - Dueta Apartment","description":"Dueta Apartment bietet eine komfortable Unterkunft f\u00fcr 20 Personen in vier separaten Wohnungen. Kontaktieren Sie Uns. Wir werden Ihnen so schnell wie m\u00f6glich antworten.","robots":{"index":"index","follow":"follow","max-snippet":"max-snippet:-1","max-image-preview":"max-image-preview:large","max-video-preview":"max-video-preview:-1"},"canonical":"https:\/\/duetaapartment.cz\/de\/kontaktieren-sie-uns\/","og_locale":"de_DE","og_type":"article","og_title":"Kontaktieren Sie Uns - Dueta Apartment","og_description":"Dueta Apartment bietet eine komfortable Unterkunft f\u00fcr 20 Personen in vier separaten Wohnungen. Kontaktieren Sie Uns. Wir werden Ihnen so schnell wie m\u00f6glich antworten.","og_url":"https:\/\/duetaapartment.cz\/de\/kontaktieren-sie-uns\/","og_site_name":"Dueta Apartment","article_publisher":"https:\/\/www.facebook.com\/Delantaapartment\/","article_modified_time":"2023-06-25T06:24:55+00:00","og_image":[{"width":1648,"height":1100,"url":"https:\/\/duetaapartment.cz\/wp-content\/uploads\/2016\/12\/dueta-apartment-cesky-krumlov-vstup-e1637833404437.jpg","type":"image\/jpeg"}],"twitter_card":"summary_large_image","twitter_description":"Dueta Apartment bietet eine komfortable Unterkunft f\u00fcr 20 Personen in vier separaten Wohnungen. Kontaktieren Sie Uns. Wir werden Ihnen so schnell wie m\u00f6glich antworten.","twitter_misc":{"Gesch\u00e4tzte Lesezeit":"2 Minuten"},"schema":{"@context":"https:\/\/schema.org","@graph":[{"@type":"Article","@id":"https:\/\/duetaapartment.cz\/de\/kontaktieren-sie-uns\/#article","isPartOf":{"@id":"https:\/\/duetaapartment.cz\/de\/kontaktieren-sie-uns\/"},"author":{"name":"webmaster","@id":"https:\/\/duetaapartment.cz\/de\/#\/schema\/person\/e69f4234541891a6e94b6313b581a262"},"headline":"Kontaktieren Sie Uns","datePublished":"2016-12-22T19:32:43+00:00","dateModified":"2023-06-25T06:24:55+00:00","mainEntityOfPage":{"@id":"https:\/\/duetaapartment.cz\/de\/kontaktieren-sie-uns\/"},"wordCount":342,"publisher":{"@id":"https:\/\/duetaapartment.cz\/de\/#organization"},"image":{"@id":"https:\/\/duetaapartment.cz\/de\/kontaktieren-sie-uns\/#primaryimage"},"thumbnailUrl":"https:\/\/duetaapartment.cz\/wp-content\/uploads\/2016\/12\/dueta-apartment-cesky-krumlov-vstup-e1637833404437.jpg","inLanguage":"de-DE"},{"@type":"WebPage","@id":"https:\/\/duetaapartment.cz\/de\/kontaktieren-sie-uns\/","url":"https:\/\/duetaapartment.cz\/de\/kontaktieren-sie-uns\/","name":"Kontaktieren Sie Uns - Dueta Apartment","isPartOf":{"@id":"https:\/\/duetaapartment.cz\/de\/#website"},"primaryImageOfPage":{"@id":"https:\/\/duetaapartment.cz\/de\/kontaktieren-sie-uns\/#primaryimage"},"image":{"@id":"https:\/\/duetaapartment.cz\/de\/kontaktieren-sie-uns\/#primaryimage"},"thumbnailUrl":"https:\/\/duetaapartment.cz\/wp-content\/uploads\/2016\/12\/dueta-apartment-cesky-krumlov-vstup-e1637833404437.jpg","datePublished":"2016-12-22T19:32:43+00:00","dateModified":"2023-06-25T06:24:55+00:00","description":"Dueta Apartment bietet eine komfortable Unterkunft f\u00fcr 20 Personen in vier separaten Wohnungen. Kontaktieren Sie Uns. Wir werden Ihnen so schnell wie m\u00f6glich antworten.","breadcrumb":{"@id":"https:\/\/duetaapartment.cz\/de\/kontaktieren-sie-uns\/#breadcrumb"},"inLanguage":"de-DE","potentialAction":[{"@type":"ReadAction","target":["https:\/\/duetaapartment.cz\/de\/kontaktieren-sie-uns\/"]}]},{"@type":"ImageObject","inLanguage":"de-DE","@id":"https:\/\/duetaapartment.cz\/de\/kontaktieren-sie-uns\/#primaryimage","url":"https:\/\/duetaapartment.cz\/wp-content\/uploads\/2016\/12\/dueta-apartment-cesky-krumlov-vstup-e1637833404437.jpg","contentUrl":"https:\/\/duetaapartment.cz\/wp-content\/uploads\/2016\/12\/dueta-apartment-cesky-krumlov-vstup-e1637833404437.jpg","width":1648,"height":1100},{"@type":"BreadcrumbList","@id":"https:\/\/duetaapartment.cz\/de\/kontaktieren-sie-uns\/#breadcrumb","itemListElement":[{"@type":"ListItem","position":1,"name":"Dom\u016f","item":"https:\/\/duetaapartment.cz\/de\/dueta-apartment\/"},{"@type":"ListItem","position":2,"name":"Kontaktieren Sie Uns"}]},{"@type":"WebSite","@id":"https:\/\/duetaapartment.cz\/de\/#website","url":"https:\/\/duetaapartment.cz\/de\/","name":"Dueta Apartment","description":"pohodln\u00e9 ubytov\u00e1n\u00ed s vlastn\u00edm parkovi\u0161t\u011bm nedaleko centra \u010cesk\u00e9ho Krumlova","publisher":{"@id":"https:\/\/duetaapartment.cz\/de\/#organization"},"alternateName":"Apartm\u00e1n Dueta","potentialAction":[{"@type":"SearchAction","target":{"@type":"EntryPoint","urlTemplate":"https:\/\/duetaapartment.cz\/de\/?s={search_term_string}"},"query-input":{"@type":"PropertyValueSpecification","valueRequired":true,"valueName":"search_term_string"}}],"inLanguage":"de-DE"},{"@type":"Organization","@id":"https:\/\/duetaapartment.cz\/de\/#organization","name":"Delanta Apartment","alternateName":"Dueta Apartment","url":"https:\/\/duetaapartment.cz\/de\/","logo":{"@type":"ImageObject","inLanguage":"de-DE","@id":"https:\/\/duetaapartment.cz\/de\/#\/schema\/logo\/image\/","url":"https:\/\/duetaapartment.cz\/wp-content\/uploads\/2023\/06\/favicon-dueta_152.png","contentUrl":"https:\/\/duetaapartment.cz\/wp-content\/uploads\/2023\/06\/favicon-dueta_152.png","width":152,"height":152,"caption":"Delanta Apartment"},"image":{"@id":"https:\/\/duetaapartment.cz\/de\/#\/schema\/logo\/image\/"},"sameAs":["https:\/\/www.facebook.com\/Delantaapartment\/","https:\/\/www.tripadvisor.com\/Hotel_Review-g274688-d9565911-Reviews-Delanta_Apartment-Cesky_Krumlov_South_Bohemian_Region_Bohemia.html"]},{"@type":"Person","@id":"https:\/\/duetaapartment.cz\/de\/#\/schema\/person\/e69f4234541891a6e94b6313b581a262","name":"webmaster","image":{"@type":"ImageObject","inLanguage":"de-DE","@id":"https:\/\/duetaapartment.cz\/de\/#\/schema\/person\/image\/","url":"https:\/\/secure.gravatar.com\/avatar\/5ef2b89f2d859b52f4205f6a4ef36d21?s=96&d=mm&r=g","contentUrl":"https:\/\/secure.gravatar.com\/avatar\/5ef2b89f2d859b52f4205f6a4ef36d21?s=96&d=mm&r=g","caption":"webmaster"}}]}},"_links":{"self":[{"href":"https:\/\/duetaapartment.cz\/de\/wp-json\/wp\/v2\/pages\/732"}],"collection":[{"href":"https:\/\/duetaapartment.cz\/de\/wp-json\/wp\/v2\/pages"}],"about":[{"href":"https:\/\/duetaapartment.cz\/de\/wp-json\/wp\/v2\/types\/page"}],"author":[{"embeddable":true,"href":"https:\/\/duetaapartment.cz\/de\/wp-json\/wp\/v2\/users\/1"}],"replies":[{"embeddable":true,"href":"https:\/\/duetaapartment.cz\/de\/wp-json\/wp\/v2\/comments?post=732"}],"version-history":[{"count":0,"href":"https:\/\/duetaapartment.cz\/de\/wp-json\/wp\/v2\/pages\/732\/revisions"}],"wp:featuredmedia":[{"embeddable":true,"href":"https:\/\/duetaapartment.cz\/de\/wp-json\/wp\/v2\/media\/157"}],"wp:attachment":[{"href":"https:\/\/duetaapartment.cz\/de\/wp-json\/wp\/v2\/media?parent=732"}],"curies":[{"name":"wp","href":"https:\/\/api.w.org\/{rel}","templated":true}]}}