{"id":640,"date":"2016-12-22T20:32:20","date_gmt":"2016-12-22T19:32:20","guid":{"rendered":"http:\/\/duetaapartment.cz\/novinky\/"},"modified":"2023-06-25T20:14:55","modified_gmt":"2023-06-25T18:14:55","slug":"news","status":"publish","type":"page","link":"https:\/\/duetaapartment.cz\/en\/news\/","title":{"rendered":"News"},"content":{"rendered":"<div class=\"wpb-content-wrapper\">[vc_section css=&#8221;.vc_custom_1580225865710{margin-right: 0px !important;margin-left: 0px !important;padding-right: 0px !important;padding-left: 0px !important;}&#8221;][vc_row css=&#8221;.vc_custom_1580225847586{margin-right: 0px !important;margin-left: 0px !important;padding-right: 0px !important;padding-left: 0px !important;}&#8221;][vc_column]<div id=\"modal-trg-txt-wrap-9763\" class=\"ult-modal-input-wrapper ult-adjust-bottom-margin    \" data-keypress-control=\"keypress-control-enable\" data-overlay-control=\"overlay-control-enable\"><span data-class-id=\"content-6a07eb15adddb9-21209593\"><\/span>\n\t\t\t\t<script type=\"text\/javascript\">\n\t\t\t\t(function($){\n\t\t\t\t\t$(document).ready(function(){\n\t\t\t\t\t\tvar selector = \".zobrazit-rezervace\";\n\t\t\t\t\t\t$(selector).addClass(\"custom-ult-modal overlay-show\");\n\t\t\t\t\t\t$(selector).attr(\"data-class-id\", \"content-6a07eb15adddb9-21209593\");\n\t\t\t\t\t\t$(selector).attr(\"data-overlay-class\", \"overlay-slideup\");\n\t\t\t\t\t\t$(selector).attr(\"data-keypress-control\", \"keypress-control-enable\");\n\t\t\t\t\t\t$(selector).attr(\"data-overlay-control\", \"overlay-control-enable\");\n\t\t\t\t\t});\n\t\t\t\t})(jQuery);\n\t\t\t\t<\/script><\/div>\n<div class=\"ult-overlay content-6a07eb15adddb9-21209593 rezervace-modaldel\" data-class=\"content-6a07eb15adddb9-21209593\" id=\"button-click-overlay\" style=\"background:rgba(51,51,51,0.8); display:none;\">\n\t<div class=\"ult_modal ult-fade ult-block\">\n\t\t<div id=\"ult-modal-wrap-4413\" class=\"ult_modal-content ult-hide\" style=\"border-style:solid;border-width:2px;border-radius:0px;border-color:#333333;\">\n\t\t\t<div class=\"ult_modal-header\" style=\"color:#333333;border-color:#333333;\">\n\t\t\t\t<h3  data-ultimate-target='#ult-modal-wrap-4413 .ult_modal-title'  data-responsive-json-new='{\"font-size\":\"\",\"line-height\":\"\"}'  class=\"ult_modal-title ult-responsive\">Reserve your room<\/h3>\n\t\t\t<\/div>\n\t\t\t<div  data-ultimate-target='#ult-modal-wrap-4413 .ult_modal-body'  data-responsive-json-new='{\"font-size\":\"\",\"line-height\":\"\"}'  class=\"ult_modal-body ult-responsive ult-html\" style=\"\">\n\t\t\t<iframe style=\"width: 100%; max-width: 1280px; min-height: 550px; border: 0; margin: auto; display: block;\" src=\"https:\/\/wubook.net\/wbkd\/wbk\/?lcode=1518428729&amp;onlyrooms=280780,280783,306307,306308,306309,306310\"><\/iframe>\n\t\t\t<\/div>\n\t<\/div>\n\t<\/div>\n\t<div class=\"ult-overlay-close top-right\" style=\"width:80px;height:80px; \"><div class=\"ult-overlay-close-inside\">Close<\/div><\/div>\n<\/div>[\/vc_column][\/vc_row][\/vc_section]\n<\/div>","protected":false},"excerpt":{"rendered":"<p>[vc_section css=&#8221;.vc_custom_1580225865710{margin-right: 0px !important;margin-left: 0px !important;padding-right: 0px !important;padding-left: 0px !important;}&#8221;][vc_row css=&#8221;.vc_custom_1580225847586{margin-right: 0px !important;margin-left: 0px !important;padding-right: 0px !important;padding-left: 0px !important;}&#8221;][vc_column][\/vc_column][\/vc_row][\/vc_section]<\/p>\n","protected":false},"author":1,"featured_media":128,"parent":0,"menu_order":0,"comment_status":"closed","ping_status":"closed","template":"templates\/blog.php","meta":{"_monsterinsights_skip_tracking":false,"_monsterinsights_sitenote_active":false,"_monsterinsights_sitenote_note":"","_monsterinsights_sitenote_category":0,"footnotes":""},"class_list":["post-640","page","type-page","status-publish","has-post-thumbnail","hentry","entry","has-media"],"yoast_head":"<!-- This site is optimized with the Yoast SEO plugin v23.8 - https:\/\/yoast.com\/wordpress\/plugins\/seo\/ -->\n<title>News - Delanta Apartment<\/title>\n<meta name=\"description\" content=\"Current events from \u010cesk\u00fd Krumlov and its surroundings. See what you can experience before you plan your trip to South Bohemia.\" \/>\n<meta name=\"robots\" content=\"index, follow, max-snippet:-1, max-image-preview:large, max-video-preview:-1\" \/>\n<link rel=\"canonical\" href=\"https:\/\/duetaapartment.cz\/en\/news\/\" \/>\n<meta property=\"og:locale\" content=\"en_US\" \/>\n<meta property=\"og:type\" content=\"article\" \/>\n<meta property=\"og:title\" content=\"News - Delanta Apartment\" \/>\n<meta property=\"og:description\" content=\"Current events from \u010cesk\u00fd Krumlov and its surroundings. See what you can experience before you plan your trip to South Bohemia.\" \/>\n<meta property=\"og:url\" content=\"https:\/\/duetaapartment.cz\/en\/news\/\" \/>\n<meta property=\"og:site_name\" content=\"Delanta Apartment\" \/>\n<meta property=\"article:publisher\" content=\"https:\/\/www.facebook.com\/Delantaapartment\/\" \/>\n<meta property=\"article:modified_time\" content=\"2023-06-25T18:14:55+00:00\" \/>\n<meta property=\"og:image\" content=\"https:\/\/duetaapartment.cz\/wp-content\/uploads\/2016\/12\/dueta-apartment-cesky-krumlov-zahrada-vyhled.jpg\" \/>\n\t<meta property=\"og:image:width\" content=\"1920\" \/>\n\t<meta property=\"og:image:height\" content=\"1282\" \/>\n\t<meta property=\"og:image:type\" content=\"image\/jpeg\" \/>\n<meta name=\"twitter:card\" content=\"summary_large_image\" \/>\n<meta name=\"twitter:description\" content=\"Current events from \u010cesk\u00fd Krumlov and its surroundings. See what you can experience before you plan your trip to South Bohemia.\" \/>\n<script type=\"application\/ld+json\" class=\"yoast-schema-graph\">{\"@context\":\"https:\/\/schema.org\",\"@graph\":[{\"@type\":\"Article\",\"@id\":\"https:\/\/duetaapartment.cz\/en\/news\/#article\",\"isPartOf\":{\"@id\":\"https:\/\/duetaapartment.cz\/en\/news\/\"},\"author\":{\"name\":\"webmaster\",\"@id\":\"https:\/\/duetaapartment.cz\/en\/#\/schema\/person\/e69f4234541891a6e94b6313b581a262\"},\"headline\":\"News\",\"datePublished\":\"2016-12-22T19:32:20+00:00\",\"dateModified\":\"2023-06-25T18:14:55+00:00\",\"mainEntityOfPage\":{\"@id\":\"https:\/\/duetaapartment.cz\/en\/news\/\"},\"wordCount\":73,\"publisher\":{\"@id\":\"https:\/\/duetaapartment.cz\/en\/#organization\"},\"image\":{\"@id\":\"https:\/\/duetaapartment.cz\/en\/news\/#primaryimage\"},\"thumbnailUrl\":\"https:\/\/duetaapartment.cz\/wp-content\/uploads\/2016\/12\/dueta-apartment-cesky-krumlov-zahrada-vyhled.jpg\",\"inLanguage\":\"en-US\"},{\"@type\":\"WebPage\",\"@id\":\"https:\/\/duetaapartment.cz\/en\/news\/\",\"url\":\"https:\/\/duetaapartment.cz\/en\/news\/\",\"name\":\"News - Delanta Apartment\",\"isPartOf\":{\"@id\":\"https:\/\/duetaapartment.cz\/en\/#website\"},\"primaryImageOfPage\":{\"@id\":\"https:\/\/duetaapartment.cz\/en\/news\/#primaryimage\"},\"image\":{\"@id\":\"https:\/\/duetaapartment.cz\/en\/news\/#primaryimage\"},\"thumbnailUrl\":\"https:\/\/duetaapartment.cz\/wp-content\/uploads\/2016\/12\/dueta-apartment-cesky-krumlov-zahrada-vyhled.jpg\",\"datePublished\":\"2016-12-22T19:32:20+00:00\",\"dateModified\":\"2023-06-25T18:14:55+00:00\",\"description\":\"Current events from \u010cesk\u00fd Krumlov and its surroundings. See what you can experience before you plan your trip to South Bohemia.\",\"breadcrumb\":{\"@id\":\"https:\/\/duetaapartment.cz\/en\/news\/#breadcrumb\"},\"inLanguage\":\"en-US\",\"potentialAction\":[{\"@type\":\"ReadAction\",\"target\":[\"https:\/\/duetaapartment.cz\/en\/news\/\"]}]},{\"@type\":\"ImageObject\",\"inLanguage\":\"en-US\",\"@id\":\"https:\/\/duetaapartment.cz\/en\/news\/#primaryimage\",\"url\":\"https:\/\/duetaapartment.cz\/wp-content\/uploads\/2016\/12\/dueta-apartment-cesky-krumlov-zahrada-vyhled.jpg\",\"contentUrl\":\"https:\/\/duetaapartment.cz\/wp-content\/uploads\/2016\/12\/dueta-apartment-cesky-krumlov-zahrada-vyhled.jpg\",\"width\":1920,\"height\":1282},{\"@type\":\"BreadcrumbList\",\"@id\":\"https:\/\/duetaapartment.cz\/en\/news\/#breadcrumb\",\"itemListElement\":[{\"@type\":\"ListItem\",\"position\":1,\"name\":\"Dom\u016f\",\"item\":\"https:\/\/duetaapartment.cz\/en\/dueta-apartment\/\"},{\"@type\":\"ListItem\",\"position\":2,\"name\":\"News\"}]},{\"@type\":\"WebSite\",\"@id\":\"https:\/\/duetaapartment.cz\/en\/#website\",\"url\":\"https:\/\/duetaapartment.cz\/en\/\",\"name\":\"Dueta Apartment\",\"description\":\"pohodln\u00e9 ubytov\u00e1n\u00ed s vlastn\u00edm parkovi\u0161t\u011bm nedaleko centra \u010cesk\u00e9ho Krumlova\",\"publisher\":{\"@id\":\"https:\/\/duetaapartment.cz\/en\/#organization\"},\"alternateName\":\"Apartm\u00e1n Dueta\",\"potentialAction\":[{\"@type\":\"SearchAction\",\"target\":{\"@type\":\"EntryPoint\",\"urlTemplate\":\"https:\/\/duetaapartment.cz\/en\/?s={search_term_string}\"},\"query-input\":{\"@type\":\"PropertyValueSpecification\",\"valueRequired\":true,\"valueName\":\"search_term_string\"}}],\"inLanguage\":\"en-US\"},{\"@type\":\"Organization\",\"@id\":\"https:\/\/duetaapartment.cz\/en\/#organization\",\"name\":\"Delanta Apartment\",\"alternateName\":\"Dueta Apartment\",\"url\":\"https:\/\/duetaapartment.cz\/en\/\",\"logo\":{\"@type\":\"ImageObject\",\"inLanguage\":\"en-US\",\"@id\":\"https:\/\/duetaapartment.cz\/en\/#\/schema\/logo\/image\/\",\"url\":\"https:\/\/duetaapartment.cz\/wp-content\/uploads\/2023\/06\/favicon-dueta_152.png\",\"contentUrl\":\"https:\/\/duetaapartment.cz\/wp-content\/uploads\/2023\/06\/favicon-dueta_152.png\",\"width\":152,\"height\":152,\"caption\":\"Delanta Apartment\"},\"image\":{\"@id\":\"https:\/\/duetaapartment.cz\/en\/#\/schema\/logo\/image\/\"},\"sameAs\":[\"https:\/\/www.facebook.com\/Delantaapartment\/\",\"https:\/\/www.tripadvisor.com\/Hotel_Review-g274688-d9565911-Reviews-Delanta_Apartment-Cesky_Krumlov_South_Bohemian_Region_Bohemia.html\"]},{\"@type\":\"Person\",\"@id\":\"https:\/\/duetaapartment.cz\/en\/#\/schema\/person\/e69f4234541891a6e94b6313b581a262\",\"name\":\"webmaster\",\"image\":{\"@type\":\"ImageObject\",\"inLanguage\":\"en-US\",\"@id\":\"https:\/\/duetaapartment.cz\/en\/#\/schema\/person\/image\/\",\"url\":\"https:\/\/secure.gravatar.com\/avatar\/5ef2b89f2d859b52f4205f6a4ef36d21?s=96&d=mm&r=g\",\"contentUrl\":\"https:\/\/secure.gravatar.com\/avatar\/5ef2b89f2d859b52f4205f6a4ef36d21?s=96&d=mm&r=g\",\"caption\":\"webmaster\"}}]}<\/script>\n<!-- \/ Yoast SEO plugin. -->","yoast_head_json":{"title":"News - Delanta Apartment","description":"Current events from \u010cesk\u00fd Krumlov and its surroundings. See what you can experience before you plan your trip to South Bohemia.","robots":{"index":"index","follow":"follow","max-snippet":"max-snippet:-1","max-image-preview":"max-image-preview:large","max-video-preview":"max-video-preview:-1"},"canonical":"https:\/\/duetaapartment.cz\/en\/news\/","og_locale":"en_US","og_type":"article","og_title":"News - Delanta Apartment","og_description":"Current events from \u010cesk\u00fd Krumlov and its surroundings. See what you can experience before you plan your trip to South Bohemia.","og_url":"https:\/\/duetaapartment.cz\/en\/news\/","og_site_name":"Delanta Apartment","article_publisher":"https:\/\/www.facebook.com\/Delantaapartment\/","article_modified_time":"2023-06-25T18:14:55+00:00","og_image":[{"width":1920,"height":1282,"url":"https:\/\/duetaapartment.cz\/wp-content\/uploads\/2016\/12\/dueta-apartment-cesky-krumlov-zahrada-vyhled.jpg","type":"image\/jpeg"}],"twitter_card":"summary_large_image","twitter_description":"Current events from \u010cesk\u00fd Krumlov and its surroundings. See what you can experience before you plan your trip to South Bohemia.","schema":{"@context":"https:\/\/schema.org","@graph":[{"@type":"Article","@id":"https:\/\/duetaapartment.cz\/en\/news\/#article","isPartOf":{"@id":"https:\/\/duetaapartment.cz\/en\/news\/"},"author":{"name":"webmaster","@id":"https:\/\/duetaapartment.cz\/en\/#\/schema\/person\/e69f4234541891a6e94b6313b581a262"},"headline":"News","datePublished":"2016-12-22T19:32:20+00:00","dateModified":"2023-06-25T18:14:55+00:00","mainEntityOfPage":{"@id":"https:\/\/duetaapartment.cz\/en\/news\/"},"wordCount":73,"publisher":{"@id":"https:\/\/duetaapartment.cz\/en\/#organization"},"image":{"@id":"https:\/\/duetaapartment.cz\/en\/news\/#primaryimage"},"thumbnailUrl":"https:\/\/duetaapartment.cz\/wp-content\/uploads\/2016\/12\/dueta-apartment-cesky-krumlov-zahrada-vyhled.jpg","inLanguage":"en-US"},{"@type":"WebPage","@id":"https:\/\/duetaapartment.cz\/en\/news\/","url":"https:\/\/duetaapartment.cz\/en\/news\/","name":"News - Delanta Apartment","isPartOf":{"@id":"https:\/\/duetaapartment.cz\/en\/#website"},"primaryImageOfPage":{"@id":"https:\/\/duetaapartment.cz\/en\/news\/#primaryimage"},"image":{"@id":"https:\/\/duetaapartment.cz\/en\/news\/#primaryimage"},"thumbnailUrl":"https:\/\/duetaapartment.cz\/wp-content\/uploads\/2016\/12\/dueta-apartment-cesky-krumlov-zahrada-vyhled.jpg","datePublished":"2016-12-22T19:32:20+00:00","dateModified":"2023-06-25T18:14:55+00:00","description":"Current events from \u010cesk\u00fd Krumlov and its surroundings. See what you can experience before you plan your trip to South Bohemia.","breadcrumb":{"@id":"https:\/\/duetaapartment.cz\/en\/news\/#breadcrumb"},"inLanguage":"en-US","potentialAction":[{"@type":"ReadAction","target":["https:\/\/duetaapartment.cz\/en\/news\/"]}]},{"@type":"ImageObject","inLanguage":"en-US","@id":"https:\/\/duetaapartment.cz\/en\/news\/#primaryimage","url":"https:\/\/duetaapartment.cz\/wp-content\/uploads\/2016\/12\/dueta-apartment-cesky-krumlov-zahrada-vyhled.jpg","contentUrl":"https:\/\/duetaapartment.cz\/wp-content\/uploads\/2016\/12\/dueta-apartment-cesky-krumlov-zahrada-vyhled.jpg","width":1920,"height":1282},{"@type":"BreadcrumbList","@id":"https:\/\/duetaapartment.cz\/en\/news\/#breadcrumb","itemListElement":[{"@type":"ListItem","position":1,"name":"Dom\u016f","item":"https:\/\/duetaapartment.cz\/en\/dueta-apartment\/"},{"@type":"ListItem","position":2,"name":"News"}]},{"@type":"WebSite","@id":"https:\/\/duetaapartment.cz\/en\/#website","url":"https:\/\/duetaapartment.cz\/en\/","name":"Dueta Apartment","description":"pohodln\u00e9 ubytov\u00e1n\u00ed s vlastn\u00edm parkovi\u0161t\u011bm nedaleko centra \u010cesk\u00e9ho Krumlova","publisher":{"@id":"https:\/\/duetaapartment.cz\/en\/#organization"},"alternateName":"Apartm\u00e1n Dueta","potentialAction":[{"@type":"SearchAction","target":{"@type":"EntryPoint","urlTemplate":"https:\/\/duetaapartment.cz\/en\/?s={search_term_string}"},"query-input":{"@type":"PropertyValueSpecification","valueRequired":true,"valueName":"search_term_string"}}],"inLanguage":"en-US"},{"@type":"Organization","@id":"https:\/\/duetaapartment.cz\/en\/#organization","name":"Delanta Apartment","alternateName":"Dueta Apartment","url":"https:\/\/duetaapartment.cz\/en\/","logo":{"@type":"ImageObject","inLanguage":"en-US","@id":"https:\/\/duetaapartment.cz\/en\/#\/schema\/logo\/image\/","url":"https:\/\/duetaapartment.cz\/wp-content\/uploads\/2023\/06\/favicon-dueta_152.png","contentUrl":"https:\/\/duetaapartment.cz\/wp-content\/uploads\/2023\/06\/favicon-dueta_152.png","width":152,"height":152,"caption":"Delanta Apartment"},"image":{"@id":"https:\/\/duetaapartment.cz\/en\/#\/schema\/logo\/image\/"},"sameAs":["https:\/\/www.facebook.com\/Delantaapartment\/","https:\/\/www.tripadvisor.com\/Hotel_Review-g274688-d9565911-Reviews-Delanta_Apartment-Cesky_Krumlov_South_Bohemian_Region_Bohemia.html"]},{"@type":"Person","@id":"https:\/\/duetaapartment.cz\/en\/#\/schema\/person\/e69f4234541891a6e94b6313b581a262","name":"webmaster","image":{"@type":"ImageObject","inLanguage":"en-US","@id":"https:\/\/duetaapartment.cz\/en\/#\/schema\/person\/image\/","url":"https:\/\/secure.gravatar.com\/avatar\/5ef2b89f2d859b52f4205f6a4ef36d21?s=96&d=mm&r=g","contentUrl":"https:\/\/secure.gravatar.com\/avatar\/5ef2b89f2d859b52f4205f6a4ef36d21?s=96&d=mm&r=g","caption":"webmaster"}}]}},"_links":{"self":[{"href":"https:\/\/duetaapartment.cz\/en\/wp-json\/wp\/v2\/pages\/640"}],"collection":[{"href":"https:\/\/duetaapartment.cz\/en\/wp-json\/wp\/v2\/pages"}],"about":[{"href":"https:\/\/duetaapartment.cz\/en\/wp-json\/wp\/v2\/types\/page"}],"author":[{"embeddable":true,"href":"https:\/\/duetaapartment.cz\/en\/wp-json\/wp\/v2\/users\/1"}],"replies":[{"embeddable":true,"href":"https:\/\/duetaapartment.cz\/en\/wp-json\/wp\/v2\/comments?post=640"}],"version-history":[{"count":0,"href":"https:\/\/duetaapartment.cz\/en\/wp-json\/wp\/v2\/pages\/640\/revisions"}],"wp:featuredmedia":[{"embeddable":true,"href":"https:\/\/duetaapartment.cz\/en\/wp-json\/wp\/v2\/media\/128"}],"wp:attachment":[{"href":"https:\/\/duetaapartment.cz\/en\/wp-json\/wp\/v2\/media?parent=640"}],"curies":[{"name":"wp","href":"https:\/\/api.w.org\/{rel}","templated":true}]}}